{"id":11615,"date":"2024-03-25T21:04:58","date_gmt":"2024-03-25T21:04:58","guid":{"rendered":"https:\/\/texray.io\/ressourcen\/referenzen\/"},"modified":"2024-03-27T19:29:05","modified_gmt":"2024-03-27T19:29:05","slug":"referenzen","status":"publish","type":"page","link":"https:\/\/texray.io\/de\/ressourcen\/referenzen\/","title":{"rendered":"Referenzen"},"content":{"rendered":"<p><div id=\"Team\" class=\"fusion-container-anchor\"><div class=\"fusion-fullwidth fullwidth-box fusion-builder-row-1 fusion-flex-container has-pattern-background has-mask-background hundred-percent-fullwidth non-hundred-percent-height-scrolling\" style=\"--link_hover_color: var(--awb-color4);--link_color: var(--awb-custom_color_1);--awb-background-position:center top;--awb-border-sizes-top:0px;--awb-border-sizes-bottom:0px;--awb-border-sizes-left:0px;--awb-border-sizes-right:0px;--awb-border-radius-top-left:0px;--awb-border-radius-top-right:0px;--awb-border-radius-bottom-right:0px;--awb-border-radius-bottom-left:0px;--awb-padding-top:0px;--awb-padding-right:0px;--awb-padding-bottom:0px;--awb-padding-left:0px;--awb-padding-top-medium:90px;--awb-padding-bottom-medium:0px;--awb-padding-top-small:90px;--awb-margin-top:0px;--awb-margin-bottom:0px;--awb-margin-bottom-medium:0px;--awb-background-color:var(--awb-custom_color_1);--awb-flex-wrap:wrap;--awb-flex-wrap-medium:wrap;--awb-flex-wrap-small:wrap;\" ><div class=\"fusion-builder-row fusion-row fusion-flex-align-items-stretch fusion-flex-align-content-center fusion-flex-justify-content-center fusion-flex-content-wrap\" style=\"width:calc( 100% + 80px ) !important;max-width:calc( 100% + 80px ) !important;margin-left: calc(-80px \/ 2 );margin-right: calc(-80px \/ 2 );\"><div class=\"fusion-layout-column fusion_builder_column fusion-builder-column-0 fusion_builder_column_1_1 1_1 fusion-flex-column fusion-flex-align-self-center\" style=\"--awb-padding-top-small:35px;--awb-padding-bottom-small:55px;--awb-bg-size:cover;--awb-width-large:100%;--awb-margin-top-large:90px;--awb-spacing-right-large:40px;--awb-margin-bottom-large:90px;--awb-spacing-left-large:40px;--awb-width-medium:100%;--awb-order-medium:0;--awb-spacing-right-medium:40px;--awb-spacing-left-medium:40px;--awb-width-small:100%;--awb-order-small:0;--awb-spacing-right-small:40px;--awb-margin-bottom-small:0px;--awb-spacing-left-small:40px;\" data-scroll-devices=\"small-visibility,medium-visibility,large-visibility\"><div class=\"fusion-column-wrapper fusion-column-has-shadow fusion-flex-justify-content-center fusion-content-layout-column\"><div class=\"fusion-text fusion-text-1\" style=\"--awb-font-size:52px;--awb-text-color:var(--awb-custom_color_4);--awb-text-font-family:&quot;Lato&quot;;--awb-text-font-style:normal;--awb-text-font-weight:700;\"><p style=\"text-align: center; color: var(--awb-custom_color_5);\">REFERENZEN<\/p>\n<\/div><\/div><\/div><\/div><\/div><\/div><div class=\"fusion-fullwidth fullwidth-box fusion-builder-row-2 fusion-flex-container has-pattern-background has-mask-background nonhundred-percent-fullwidth non-hundred-percent-height-scrolling\" style=\"--link_color: var(--awb-custom_color_1);--awb-border-radius-top-left:0px;--awb-border-radius-top-right:0px;--awb-border-radius-bottom-right:0px;--awb-border-radius-bottom-left:0px;--awb-padding-top:63px;--awb-padding-bottom:39px;--awb-margin-top:50px;--awb-margin-bottom:47px;--awb-flex-wrap:wrap;\" ><div class=\"fusion-builder-row fusion-row fusion-flex-align-items-flex-start fusion-flex-content-wrap\" style=\"max-width:1248px;margin-left: calc(-4% \/ 2 );margin-right: calc(-4% \/ 2 );\"><div class=\"fusion-layout-column fusion_builder_column fusion-builder-column-1 fusion_builder_column_1_1 1_1 fusion-flex-column\" style=\"--awb-padding-right:10%;--awb-padding-left:10%;--awb-bg-color:var(--awb-custom_color_3);--awb-bg-color-hover:var(--awb-custom_color_3);--awb-bg-size:cover;--awb-width-large:100%;--awb-margin-top-large:0px;--awb-spacing-right-large:1.92%;--awb-margin-bottom-large:20px;--awb-spacing-left-large:1.92%;--awb-width-medium:100%;--awb-order-medium:0;--awb-spacing-right-medium:1.92%;--awb-spacing-left-medium:1.92%;--awb-width-small:100%;--awb-order-small:0;--awb-spacing-right-small:1.92%;--awb-spacing-left-small:1.92%;\" data-scroll-devices=\"small-visibility,medium-visibility,large-visibility\"><div class=\"fusion-column-wrapper fusion-column-has-shadow fusion-flex-justify-content-flex-start fusion-content-layout-column\"><ul style=\"--awb-iconcolor:var(--awb-custom_color_2);--awb-textcolor:var(--awb-custom_color_1);--awb-line-height:27.2px;--awb-icon-width:27.2px;--awb-icon-height:27.2px;--awb-icon-margin:11.2px;--awb-content-margin:38.4px;--awb-circlecolor:var(--awb-custom_color_1);--awb-circle-yes-font-size:14.08px;\" class=\"fusion-checklist fusion-checklist-1 fusion-checklist-default type-numbered\"><li class=\"fusion-li-item\" style=\"\"><span class=\"icon-wrapper circle-yes\">1<\/span><div class=\"fusion-li-item-content\">\n<p>Bjersg\u00e5rd A., En studie p\u00e5 str\u00e5lskyddskl\u00e4der, dess anv\u00e4ndning och anv\u00e4ndarnas r\u00f6relsem\u00f6nster med ett ergonomiskt perspektiv. Zentrum f\u00fcr Gesundheitstechnologie Halland (HCH), Universit\u00e4t Halmstad, Schweden, 2015<\/p>\n<\/div><\/li><li class=\"fusion-li-item\" style=\"\"><span class=\"icon-wrapper circle-yes\">2<\/span><div class=\"fusion-li-item-content\">\n<p>Vano E. Beruflicher Strahlenschutz von medizinischem Personal in der Bildgebung. Radiat Prot Dosimetry. 2015 Apr;164(1-2):126-9. doi: 10.1093\/rpd\/ncu354.<\/p>\n<\/div><\/li><li class=\"fusion-li-item\" style=\"\"><span class=\"icon-wrapper circle-yes\">3<\/span><div class=\"fusion-li-item-content\">\n<p>ICRP, 2018. Strahlenschutz am Arbeitsplatz bei interventionellen Eingriffen. ICRP-Ver\u00f6ffentlichung 139. Ann. ICRP 47(2)<\/p>\n<\/div><\/li><li class=\"fusion-li-item\" style=\"\"><span class=\"icon-wrapper circle-yes\">4<\/span><div class=\"fusion-li-item-content\">\n<p>Miller, D.L., et al., Occupational radiation protection in interventional radiology: a joint guideline of the Cardiovascular and Interventional Radiology Society of Europe and the Society of Interventional Radiology. Cardiovasc Intervent Radiol, 2010. 33(2): p. 230-9.<\/p>\n<\/div><\/li><li class=\"fusion-li-item\" style=\"\"><span class=\"icon-wrapper circle-yes\">5<\/span><div class=\"fusion-li-item-content\">\n<p>Lee, W. H., Nguyen, P. K., Fleischmann, D., &amp; Wu, J. C. (2016). Mit DNA-Sch\u00e4den assoziierte Biomarker bei der Untersuchung der individuellen Empfindlichkeit gegen\u00fcber Niedrigdosis-Strahlung durch kardiovaskul\u00e4re Bildgebung. Europ\u00e4ische Herzzeitschrift, 37(40), 3075-3080.<\/p>\n<\/div><\/li><li class=\"fusion-li-item\" style=\"\"><span class=\"icon-wrapper circle-yes\">6<\/span><div class=\"fusion-li-item-content\">\n<p>Brenner, D. J., Doll, R., Goodhead, D. T., Hall, E. J., Land, C. E., Little, J. B., und Zaider, M. (2003). Krebsrisiken, die auf niedrige Dosen ionisierender Strahlung zur\u00fcckzuf\u00fchren sind: eine Bewertung dessen, was wir wirklich wissen. Proceedings of the National Academy of Sciences, 100(24), 13761-13766<\/p>\n<\/div><\/li><li class=\"fusion-li-item\" style=\"\"><span class=\"icon-wrapper circle-yes\">7<\/span><div class=\"fusion-li-item-content\">Andreassi MG., Piccaluga E., Guagliumi G., et al. Berufliche Gesundheitsrisiken bei Mitarbeitern von Herzkatheterlabors. Circ Cardiovasc Interv. 2016;9:e003273.<\/div><\/li><li class=\"fusion-li-item\" style=\"\"><span class=\"icon-wrapper circle-yes\">8<\/span><div class=\"fusion-li-item-content\">\n<p>O&#8217;Sullivan N., Naughton A., McKevitt K., Boyle E., Egan B., Tierney S., Intra-Operative Radiation Safety; Who does what? Wer wei\u00df was? Abteilung f\u00fcr Gef\u00e4\u00dfchirurgie, Tallaght University Hospital, Dublin 24, Irland.<\/p>\n<\/div><\/li><li class=\"fusion-li-item\" style=\"\"><span class=\"icon-wrapper circle-yes\">9<\/span><div class=\"fusion-li-item-content\">Roguin, A., &amp; Nolan, J. (2021). Strahlenschutz im Herzkatheterlabor: bew\u00e4hrte Verfahren. Herz, 107(1), 76-82.<\/div><\/li><li class=\"fusion-li-item\" style=\"\"><span class=\"icon-wrapper circle-yes\">10<\/span><div class=\"fusion-li-item-content\">\n<p>Roguin A, Goldstein J, Bar O. Goldstein, J.A, Hirn- und Halstumore bei \u00c4rzten, die interventionelle Verfahren durchf\u00fchren. Amerikanische Zeitschrift f\u00fcr Interventionelle Kardiologie; 2013;111:9:P1368-1372<\/p>\n<\/div><\/li><li class=\"fusion-li-item\" style=\"\"><span class=\"icon-wrapper circle-yes\">11<\/span><div class=\"fusion-li-item-content\">\n<p>Roguin A, Goldstein J, Bar O. Hirntumore und ionisierende Strahlung: weitere F\u00e4lle gemeldet. Euro Intervention 2012;8:169e170.<\/p>\n<\/div><\/li><li class=\"fusion-li-item\" style=\"\"><span class=\"icon-wrapper circle-yes\">12<\/span><div class=\"fusion-li-item-content\">Andreassi, M. G., Cioppa, A., Botto, N., Joksic, G., Manfredi, S., Federici, C., &#8230; &amp; Picano, E. (2005). Somatische DNA-Sch\u00e4den bei interventionell t\u00e4tigen Kardiologen: eine Fall-Kontroll-Studie. Das FASEBJournal, 19(8), 998-999.<\/div><\/li><li class=\"fusion-li-item\" style=\"\"><span class=\"icon-wrapper circle-yes\">13<\/span><div class=\"fusion-li-item-content\">El-Sayed, T., Patel, A. S., Cho, J. S., Kelly, J. A., Ludwinski, F. E., Saha, P., &amp; Gill, J. (2017). Strahlungsinduzierte DNA-Sch\u00e4den bei Operateuren, die endovaskul\u00e4re Aortenreparaturen durchf\u00fchren. Zirkulation, 136(25), 2406-2416.<\/div><\/li><li class=\"fusion-li-item\" style=\"\"><span class=\"icon-wrapper circle-yes\">14<\/span><div class=\"fusion-li-item-content\">B\u00e4renf\u00e4nger, F., Walbersloh, J., El Mouden R., Goerg, F., Block, A., Rohde, S., Clinical evaluation of a novel head protection system for interventional radiologists. Europ\u00e4ische Zeitschrift f\u00fcr Radiologie 2022:147.<\/div><\/li><li class=\"fusion-li-item\" style=\"\"><span class=\"icon-wrapper circle-yes\">15<\/span><div class=\"fusion-li-item-content\">Larsson M, Apell P, Jonasson P, Lundh C. Evaluierung einer neuartigen Schilddr\u00fcsenmanschette zur Verringerung der Strahlenbelastung von Kopf und Hals bei r\u00f6ntgengef\u00fchrten Eingriffen. Posterpr\u00e4sentation auf der LINC-Tagung, Leipzig, Deutschland, 2020.<\/div><\/li><li class=\"fusion-li-item\" style=\"\"><span class=\"icon-wrapper circle-yes\">16<\/span><div class=\"fusion-li-item-content\">Larsson, M.E., Jonasson, P.I., Apell, P.S. et al. Bewertung neuartiger Strahlenschutzger\u00e4te bei radiologisch gef\u00fchrten Eingriffen. CVIR Endovasc 7, 18 (2024)<\/div><\/li><li class=\"fusion-li-item\" style=\"\"><span class=\"icon-wrapper circle-yes\">17<\/span><div class=\"fusion-li-item-content\">\n<p>Texray AB, Daten in den Akten<\/p>\n<\/div><\/li><li class=\"fusion-li-item\" style=\"\"><span class=\"icon-wrapper circle-yes\">18<\/span><div class=\"fusion-li-item-content\">Larsson M., Jonasson P., Apell. Bewertung einer neuen pers\u00f6nlichen Strahlenschutzvorrichtung f\u00fcr den Kopf des Bedieners bei R\u00f6ntgendiagnostik und -eingriffen. Physica Medica, European Journal of Medical Physics, 2018, 52:84.<\/div><\/li><li class=\"fusion-li-item\" style=\"\"><span class=\"icon-wrapper circle-yes\">19<\/span><div class=\"fusion-li-item-content\">Jonsson E., Zentrum f\u00fcr Gesundheitstechnologie Halland (HCH), Universit\u00e4t Halmstad, Schweden. (2017)<\/div><\/li><li class=\"fusion-li-item\" style=\"\"><span class=\"icon-wrapper circle-yes\">20<\/span><div class=\"fusion-li-item-content\">Texray AB, Daten in den Akten: (ASTM D6182-00 (2015).<\/div><\/li><li class=\"fusion-li-item\" style=\"\"><span class=\"icon-wrapper circle-yes\">21<\/span><div class=\"fusion-li-item-content\">\n<p>Burns K., Shoag J., Kahlon S., Parsons P., Bijur P., Taragin B., Morri Markowitz M., Lead Aprons Are a Lead Exposure Hazard, J Am Coll Radiol 2016; American College of Radiology<\/p>\n<\/div><\/li><li class=\"fusion-li-item\" style=\"\"><span class=\"icon-wrapper circle-yes\">22<\/span><div class=\"fusion-li-item-content\">\n<p>Bartal G., Ganan A., Van\u00f3 E., S\u00e1nchez R., Phantomstudie \u00fcber eine neuartige erweiterte Strahlenschutz-Schilddr\u00fcsenmanschette f\u00fcr interventionelle Radiologen Posterpr\u00e4sentation CIRSE 2023<\/p>\n<\/div><\/li><\/ul><\/div><\/div><\/div><\/div><div class=\"fusion-fullwidth fullwidth-box fusion-builder-row-3 fusion-flex-container has-pattern-background has-mask-background hundred-percent-fullwidth non-hundred-percent-height-scrolling\" style=\"--awb-background-position:left top;--awb-border-sizes-top:0px;--awb-border-sizes-bottom:0px;--awb-border-sizes-left:0px;--awb-border-sizes-right:0px;--awb-border-radius-top-left:0px;--awb-border-radius-top-right:0px;--awb-border-radius-bottom-right:0px;--awb-border-radius-bottom-left:0px;--awb-padding-top:0px;--awb-padding-bottom:100px;--awb-padding-left:0px;--awb-padding-top-medium:0px;--awb-padding-bottom-medium:0px;--awb-padding-top-small:0px;--awb-padding-bottom-small:0px;--awb-margin-top:0px;--awb-margin-bottom:0px;--awb-margin-top-medium:0px;--awb-margin-bottom-medium:0px;--awb-margin-bottom-small:0px;--awb-background-color:var(--awb-custom_color_3);--awb-flex-wrap:wrap;\" ><div class=\"fusion-builder-row fusion-row fusion-flex-align-items-stretch fusion-flex-justify-content-center fusion-flex-content-wrap\" style=\"width:calc( 100% + 60px ) !important;max-width:calc( 100% + 60px ) !important;margin-left: calc(-60px \/ 2 );margin-right: calc(-60px \/ 2 );\"><div class=\"fusion-layout-column fusion_builder_column fusion-builder-column-2 fusion_builder_column_1_1 1_1 fusion-flex-column\" style=\"--awb-padding-bottom:356px;--awb-padding-bottom-small:0px;--awb-bg-position:center center;--awb-bg-size:cover;--awb-width-large:100%;--awb-margin-top-large:0px;--awb-spacing-right-large:0px;--awb-margin-bottom-large:0px;--awb-spacing-left-large:30px;--awb-width-medium:100%;--awb-order-medium:0;--awb-spacing-right-medium:0px;--awb-spacing-left-medium:30px;--awb-width-small:100%;--awb-order-small:0;--awb-spacing-right-small:0px;--awb-spacing-left-small:30px;\" data-scroll-devices=\"small-visibility,medium-visibility,large-visibility\"><div class=\"fusion-column-wrapper fusion-column-has-shadow fusion-flex-justify-content-flex-start fusion-content-layout-column\"><\/div><\/div><div class=\"fusion-layout-column fusion_builder_column fusion-builder-column-3 fusion_builder_column_1_1 1_1 fusion-flex-column\" style=\"--awb-padding-top:40px;--awb-padding-right:5%;--awb-padding-left:5%;--awb-bg-size:cover;--awb-width-large:100%;--awb-margin-top-large:0px;--awb-spacing-right-large:30px;--awb-margin-bottom-large:20px;--awb-spacing-left-large:30px;--awb-width-medium:100%;--awb-order-medium:0;--awb-spacing-right-medium:30px;--awb-spacing-left-medium:30px;--awb-width-small:100%;--awb-order-small:0;--awb-spacing-right-small:30px;--awb-spacing-left-small:30px;\" data-scroll-devices=\"small-visibility,medium-visibility,large-visibility\"><div class=\"fusion-column-wrapper fusion-column-has-shadow fusion-flex-justify-content-flex-start fusion-content-layout-column\"><\/div><\/div><\/div><\/div><\/p>\n","protected":false},"excerpt":{"rendered":"","protected":false},"author":1,"featured_media":0,"parent":9034,"menu_order":0,"comment_status":"closed","ping_status":"closed","template":"100-width.php","meta":{"_acf_changed":false,"content-type":"","inline_featured_image":false,"footnotes":""},"class_list":["post-11615","page","type-page","status-publish","hentry"],"acf":[],"_links":{"self":[{"href":"https:\/\/texray.io\/de\/wp-json\/wp\/v2\/pages\/11615","targetHints":{"allow":["GET"]}}],"collection":[{"href":"https:\/\/texray.io\/de\/wp-json\/wp\/v2\/pages"}],"about":[{"href":"https:\/\/texray.io\/de\/wp-json\/wp\/v2\/types\/page"}],"author":[{"embeddable":true,"href":"https:\/\/texray.io\/de\/wp-json\/wp\/v2\/users\/1"}],"replies":[{"embeddable":true,"href":"https:\/\/texray.io\/de\/wp-json\/wp\/v2\/comments?post=11615"}],"version-history":[{"count":46,"href":"https:\/\/texray.io\/de\/wp-json\/wp\/v2\/pages\/11615\/revisions"}],"predecessor-version":[{"id":13295,"href":"https:\/\/texray.io\/de\/wp-json\/wp\/v2\/pages\/11615\/revisions\/13295"}],"up":[{"embeddable":true,"href":"https:\/\/texray.io\/de\/wp-json\/wp\/v2\/pages\/9034"}],"wp:attachment":[{"href":"https:\/\/texray.io\/de\/wp-json\/wp\/v2\/media?parent=11615"}],"curies":[{"name":"wp","href":"https:\/\/api.w.org\/{rel}","templated":true}]}}