{"id":9029,"date":"2024-03-18T08:56:02","date_gmt":"2024-03-18T08:56:02","guid":{"rendered":"https:\/\/texray.io\/phantom-studie\/"},"modified":"2025-01-23T15:30:52","modified_gmt":"2025-01-23T15:30:52","slug":"phantom-studie","status":"publish","type":"page","link":"https:\/\/texray.io\/de\/ressourcen\/phantom-studie\/","title":{"rendered":"Phantom-Studie"},"content":{"rendered":"<p><div id=\"Team\" class=\"fusion-container-anchor\"><div class=\"fusion-fullwidth fullwidth-box fusion-builder-row-1 fusion-flex-container has-pattern-background has-mask-background hundred-percent-fullwidth non-hundred-percent-height-scrolling\" style=\"--link_hover_color: var(--awb-color4);--link_color: var(--awb-custom_color_1);--awb-background-position:center top;--awb-border-sizes-top:0px;--awb-border-sizes-bottom:0px;--awb-border-sizes-left:0px;--awb-border-sizes-right:0px;--awb-border-radius-top-left:0px;--awb-border-radius-top-right:0px;--awb-border-radius-bottom-right:0px;--awb-border-radius-bottom-left:0px;--awb-padding-top:0px;--awb-padding-right:0px;--awb-padding-bottom:0px;--awb-padding-left:0px;--awb-padding-top-medium:90px;--awb-padding-bottom-medium:0px;--awb-padding-top-small:90px;--awb-margin-top:0px;--awb-margin-bottom:0px;--awb-margin-bottom-medium:0px;--awb-background-color:var(--awb-custom_color_1);--awb-flex-wrap:wrap;--awb-flex-wrap-medium:wrap;--awb-flex-wrap-small:wrap;\" ><div class=\"fusion-builder-row fusion-row fusion-flex-align-items-stretch fusion-flex-align-content-center fusion-flex-justify-content-center fusion-flex-content-wrap\" style=\"width:calc( 100% + 80px ) !important;max-width:calc( 100% + 80px ) !important;margin-left: calc(-80px \/ 2 );margin-right: calc(-80px \/ 2 );\"><div class=\"fusion-layout-column fusion_builder_column fusion-builder-column-0 fusion_builder_column_1_1 1_1 fusion-flex-column fusion-flex-align-self-center\" style=\"--awb-padding-top-small:35px;--awb-padding-bottom-small:55px;--awb-bg-size:cover;--awb-width-large:100%;--awb-margin-top-large:90px;--awb-spacing-right-large:40px;--awb-margin-bottom-large:90px;--awb-spacing-left-large:40px;--awb-width-medium:100%;--awb-order-medium:0;--awb-spacing-right-medium:40px;--awb-spacing-left-medium:40px;--awb-width-small:100%;--awb-order-small:0;--awb-spacing-right-small:40px;--awb-margin-bottom-small:0px;--awb-spacing-left-small:40px;\" data-scroll-devices=\"small-visibility,medium-visibility,large-visibility\"><div class=\"fusion-column-wrapper fusion-column-has-shadow fusion-flex-justify-content-center fusion-content-layout-column\"><div class=\"fusion-text fusion-text-1\" style=\"--awb-font-size:52px;--awb-text-color:var(--awb-custom_color_5);--awb-text-font-family:&quot;Lato&quot;;--awb-text-font-style:normal;--awb-text-font-weight:700;\"><p style=\"text-align: center;\">PHANTOMSTUDIE<\/p>\n<\/div><\/div><\/div><\/div><\/div><\/div><div class=\"fusion-fullwidth fullwidth-box fusion-builder-row-2 fusion-flex-container has-pattern-background has-mask-background nonhundred-percent-fullwidth non-hundred-percent-height-scrolling\" style=\"--link_color: var(--awb-custom_color_1);--awb-border-radius-top-left:0px;--awb-border-radius-top-right:0px;--awb-border-radius-bottom-right:0px;--awb-border-radius-bottom-left:0px;--awb-margin-top:30px;--awb-flex-wrap:wrap;\" ><div class=\"fusion-builder-row fusion-row fusion-flex-align-items-flex-start fusion-flex-content-wrap\" style=\"max-width:1248px;margin-left: calc(-4% \/ 2 );margin-right: calc(-4% \/ 2 );\"><div class=\"fusion-layout-column fusion_builder_column fusion-builder-column-1 fusion_builder_column_1_2 1_2 fusion-flex-column fusion-flex-align-self-flex-start\" style=\"--awb-padding-right:10%;--awb-padding-left:10%;--awb-bg-color:var(--awb-custom_color_3);--awb-bg-color-hover:var(--awb-custom_color_3);--awb-bg-size:cover;--awb-width-large:50%;--awb-margin-top-large:0px;--awb-spacing-right-large:3.84%;--awb-margin-bottom-large:20px;--awb-spacing-left-large:3.84%;--awb-width-medium:50%;--awb-order-medium:0;--awb-spacing-right-medium:3.84%;--awb-spacing-left-medium:3.84%;--awb-width-small:100%;--awb-order-small:0;--awb-spacing-right-small:1.92%;--awb-spacing-left-small:1.92%;\" data-scroll-devices=\"small-visibility,medium-visibility,large-visibility\"><div class=\"fusion-column-wrapper fusion-column-has-shadow fusion-flex-justify-content-flex-start fusion-content-layout-column\"><div class=\"fusion-image-element \" style=\"--awb-aspect-ratio:2 \/ 1;--awb-caption-title-font-family:var(--h2_typography-font-family);--awb-caption-title-font-weight:var(--h2_typography-font-weight);--awb-caption-title-font-style:var(--h2_typography-font-style);--awb-caption-title-size:var(--h2_typography-font-size);--awb-caption-title-transform:var(--h2_typography-text-transform);--awb-caption-title-line-height:var(--h2_typography-line-height);--awb-caption-title-letter-spacing:var(--h2_typography-letter-spacing);\"><span class=\" fusion-imageframe imageframe-none imageframe-1 hover-type-none has-aspect-ratio\"><img decoding=\"async\" width=\"1024\" height=\"737\" title=\"Phanton-study-linc-2020-kopia\" src=\"https:\/\/texray.io\/wp-content\/uploads\/2024\/04\/Phanton-study-linc-2020-kopia.jpg\" data-orig-src=\"https:\/\/texray.io\/wp-content\/uploads\/2024\/04\/Phanton-study-linc-2020-kopia-1024x737.jpg\" class=\"lazyload img-responsive wp-image-14569 img-with-aspect-ratio\" alt srcset=\"data:image\/svg+xml,%3Csvg%20xmlns%3D%27http%3A%2F%2Fwww.w3.org%2F2000%2Fsvg%27%20width%3D%271500%27%20height%3D%271080%27%20viewBox%3D%270%200%201500%201080%27%3E%3Crect%20width%3D%271500%27%20height%3D%271080%27%20fill-opacity%3D%220%22%2F%3E%3C%2Fsvg%3E\" data-srcset=\"https:\/\/texray.io\/wp-content\/uploads\/2024\/04\/Phanton-study-linc-2020-kopia-200x144.jpg 200w, https:\/\/texray.io\/wp-content\/uploads\/2024\/04\/Phanton-study-linc-2020-kopia-400x288.jpg 400w, https:\/\/texray.io\/wp-content\/uploads\/2024\/04\/Phanton-study-linc-2020-kopia-600x432.jpg 600w, https:\/\/texray.io\/wp-content\/uploads\/2024\/04\/Phanton-study-linc-2020-kopia-800x576.jpg 800w, https:\/\/texray.io\/wp-content\/uploads\/2024\/04\/Phanton-study-linc-2020-kopia-1200x864.jpg 1200w, https:\/\/texray.io\/wp-content\/uploads\/2024\/04\/Phanton-study-linc-2020-kopia.jpg 1500w\" data-sizes=\"auto\" data-orig-sizes=\"(max-width: 700px) 100vw, 600px\" \/><\/span><\/div><div class=\"fusion-text fusion-text-2\" style=\"--awb-content-alignment:center;--awb-text-color:var(--awb-custom_color_1);--awb-margin-top:40px;--awb-margin-right:10%;--awb-margin-left:10%;--awb-text-font-family:&quot;Lato&quot;;--awb-text-font-style:normal;--awb-text-font-weight:400;\"><div class=\"span-12\">\n<div class=\"span-12\">\n<h4 class=\"section-heading a-left mt2 pb2 animate--text delay--1 px4\" style=\"text-align: left;\"><strong>Evaluierung einer neuartigen Schilddr\u00fcsenmanschette zur Verringerung der Strahlenbelastung von Kopf und Hals bei r\u00f6ntgengef\u00fchrten Eingriffen.<\/strong><\/h4>\n<\/div>\n<div class=\"span-12 auto a-left px4\">\n<div class=\"pages-content animate--text delay--2\">\n<div class=\"rte\">\n<p style=\"text-align: left;\">Larsson M, Apell P, Jonasson P, Lundh C. G\u00f6teborg Schweden. Posterpr\u00e4sentation auf der LINC-Tagung, Leipzig, Deutschland, 2020.<\/p>\n<p style=\"text-align: left;\">\n<\/div>\n<\/div>\n<\/div>\n<\/div>\n<\/div><\/div><\/div><div class=\"fusion-layout-column fusion_builder_column fusion-builder-column-2 fusion_builder_column_1_2 1_2 fusion-flex-column fusion-flex-align-self-flex-start\" style=\"--awb-padding-right:10%;--awb-padding-left:10%;--awb-bg-color:var(--awb-custom_color_3);--awb-bg-color-hover:var(--awb-custom_color_3);--awb-bg-size:cover;--awb-width-large:50%;--awb-margin-top-large:0px;--awb-spacing-right-large:3.84%;--awb-margin-bottom-large:20px;--awb-spacing-left-large:3.84%;--awb-width-medium:50%;--awb-order-medium:0;--awb-spacing-right-medium:3.84%;--awb-spacing-left-medium:3.84%;--awb-width-small:100%;--awb-order-small:0;--awb-spacing-right-small:1.92%;--awb-spacing-left-small:1.92%;\" data-scroll-devices=\"small-visibility,medium-visibility,large-visibility\"><div class=\"fusion-column-wrapper fusion-column-has-shadow fusion-flex-justify-content-flex-start fusion-content-layout-column\"><div class=\"fusion-image-element \" style=\"--awb-aspect-ratio:2 \/ 1;--awb-caption-title-font-family:var(--h2_typography-font-family);--awb-caption-title-font-weight:var(--h2_typography-font-weight);--awb-caption-title-font-style:var(--h2_typography-font-style);--awb-caption-title-size:var(--h2_typography-font-size);--awb-caption-title-transform:var(--h2_typography-text-transform);--awb-caption-title-line-height:var(--h2_typography-line-height);--awb-caption-title-letter-spacing:var(--h2_typography-letter-spacing);\"><span class=\" fusion-imageframe imageframe-none imageframe-2 hover-type-none has-aspect-ratio\"><a class=\"fusion-no-lightbox\" href=\"https:\/\/doi.org\/10.1186\/s42155-024-00430-0\" target=\"_self\" aria-label=\"phantom-CVIR\"><img decoding=\"async\" width=\"1024\" height=\"591\" src=\"https:\/\/texray.io\/wp-content\/uploads\/2024\/04\/phantom-CVIR.png\" data-orig-src=\"https:\/\/texray.io\/wp-content\/uploads\/2024\/04\/phantom-CVIR-1024x591.png\" class=\"lazyload img-responsive wp-image-14573 img-with-aspect-ratio\" alt srcset=\"data:image\/svg+xml,%3Csvg%20xmlns%3D%27http%3A%2F%2Fwww.w3.org%2F2000%2Fsvg%27%20width%3D%272216%27%20height%3D%271278%27%20viewBox%3D%270%200%202216%201278%27%3E%3Crect%20width%3D%272216%27%20height%3D%271278%27%20fill-opacity%3D%220%22%2F%3E%3C%2Fsvg%3E\" data-srcset=\"https:\/\/texray.io\/wp-content\/uploads\/2024\/04\/phantom-CVIR-200x115.png 200w, https:\/\/texray.io\/wp-content\/uploads\/2024\/04\/phantom-CVIR-400x231.png 400w, https:\/\/texray.io\/wp-content\/uploads\/2024\/04\/phantom-CVIR-600x346.png 600w, https:\/\/texray.io\/wp-content\/uploads\/2024\/04\/phantom-CVIR-800x461.png 800w, https:\/\/texray.io\/wp-content\/uploads\/2024\/04\/phantom-CVIR-1200x692.png 1200w\" data-sizes=\"auto\" data-orig-sizes=\"(max-width: 700px) 100vw, 600px\" \/><\/a><\/span><\/div><div class=\"fusion-text fusion-text-3\" style=\"--awb-content-alignment:center;--awb-text-color:var(--awb-custom_color_1);--awb-margin-top:40px;--awb-margin-right:10%;--awb-margin-left:10%;--awb-text-font-family:&quot;Lato&quot;;--awb-text-font-style:normal;--awb-text-font-weight:400;\"><div class=\"span-12\">\n<div class=\"span-12\">\n<h4 class=\"section-heading a-left mt2 pb2 animate--text delay--1 px4\" style=\"text-align: left;\"><strong>Bewertung neuartiger Strahlenschutzger\u00e4te bei radiologisch gef\u00fchrten Eingriffen.<\/strong><\/h4>\n<\/div>\n<div class=\"span-12 auto a-left px4\">\n<div class=\"pages-content animate--text delay--2\">\n<div class=\"rte\">\n<p style=\"text-align: left;\">Larsson, M.E., Jonasson, P.I., Apell, P.S. et al. Bewertung neuartiger Strahlenschutzger\u00e4te bei radiologisch gef\u00fchrten Eingriffen. CVIR Endovasc 7, 18 (2024).  <a href=\"https:\/\/doi.org\/10.1186\/s42155-024-00430-0\">https:\/\/doi.org\/10.1186\/s42155-024-00430-0<\/a><\/p>\n<p style=\"text-align: left;\">\n<\/div>\n<\/div>\n<\/div>\n<\/div>\n<\/div><\/div><\/div><\/div><\/div><div class=\"fusion-fullwidth fullwidth-box fusion-builder-row-3 fusion-flex-container has-pattern-background has-mask-background nonhundred-percent-fullwidth non-hundred-percent-height-scrolling\" style=\"--awb-border-radius-top-left:0px;--awb-border-radius-top-right:0px;--awb-border-radius-bottom-right:0px;--awb-border-radius-bottom-left:0px;--awb-flex-wrap:wrap;\" ><div class=\"fusion-builder-row fusion-row fusion-flex-align-items-flex-start fusion-flex-content-wrap\" style=\"max-width:1248px;margin-left: calc(-4% \/ 2 );margin-right: calc(-4% \/ 2 );\"><div class=\"fusion-layout-column fusion_builder_column fusion-builder-column-3 fusion_builder_column_1_1 1_1 fusion-flex-column\" style=\"--awb-bg-size:cover;--awb-width-large:100%;--awb-margin-top-large:0px;--awb-spacing-right-large:1.92%;--awb-margin-bottom-large:20px;--awb-spacing-left-large:1.92%;--awb-width-medium:100%;--awb-order-medium:0;--awb-spacing-right-medium:1.92%;--awb-spacing-left-medium:1.92%;--awb-width-small:100%;--awb-order-small:0;--awb-spacing-right-small:1.92%;--awb-spacing-left-small:1.92%;\"><div class=\"fusion-column-wrapper fusion-column-has-shadow fusion-flex-justify-content-flex-start fusion-content-layout-column\"><div class=\"fusion-text fusion-text-4\" style=\"--awb-text-color:var(--awb-custom_color_1);\"><div class=\"span-12\">\n<h4 class=\"section-heading a-left mt2 pb2 animate--text delay--1 px4\" style=\"text-align: left;\"><strong>METHODE<\/strong><\/h4>\n<\/div>\n<div class=\"span-12 auto a-left px4\">\n<div class=\"pages-content animate--text delay--2\">\n<div class=\"rte\">\n<p style=\"text-align: left;\">Texray HeadPeace und MindPeace wurden im Hinblick auf die Verringerung der Strahlenbelastung von Kopf und Hals bei klinischen Eingriffen untersucht. Zum Vergleich wurden eine Standard-Schilddr\u00fcsenmanschette und ein an der Decke montierter Bleiglasschirm verwendet.<\/p>\n<h4 style=\"text-align: left;\"><strong>ERGEBNISSE<\/strong><\/h4>\n<p style=\"text-align: left;\">Vorl\u00e4ufige TLD-Daten zeigten, dass MindPeace (erweiterte Schilddr\u00fcsenmanschette) die Strahlung in den Hals-, Kinn- und Ohrbereichen reduziert (A, B, C). Ein gewisser Abschirmungseffekt durch MindPeace wurde auch in den Gehirn- und Sch\u00e4delschnitten festgestellt (D, E). Bei der Standard-Schilddr\u00fcsenmanschette wurde eine Verringerung nur im Halsbereich festgestellt. (A) und teilweise in der Kinnpartie (B). HeadPeace zeigte eine abschirmende Wirkung in der Sch\u00e4delschicht (E) bis zu einer Tiefe von 2 cm, wo HeadPeace den Phantomkopf bedeckte.<\/p>\n<h4 style=\"text-align: left;\"><strong>SCHLUSSFOLGERUNG<\/strong><\/h4>\n<p style=\"text-align: left;\">F\u00fcr einen optimalen Strahlenschutz sollten Ger\u00e4te verwendet werden, die den gesamten Kopf des Bedieners vor Streustrahlung sch\u00fctzen. In der klinischen Praxis ist dies jedoch nicht immer m\u00f6glich. Dar\u00fcber hinaus ist insbesondere bei komplexen F\u00e4llen, bei denen der Strahlenschutz besonders wichtig ist, eine optimale Platzierung der Bleiglasscheiben nicht immer m\u00f6glich. HeadPeace und MindPeace k\u00f6nnen daher einen erg\u00e4nzenden Schutz bieten<\/p>\n<\/div>\n<\/div>\n<\/div>\n<\/div><\/div><\/div><\/div><\/div><div class=\"fusion-fullwidth fullwidth-box fusion-builder-row-4 fusion-flex-container has-pattern-background has-mask-background nonhundred-percent-fullwidth non-hundred-percent-height-scrolling\" style=\"--awb-background-position:left top;--awb-border-sizes-top:0px;--awb-border-sizes-bottom:0px;--awb-border-sizes-left:0px;--awb-border-sizes-right:0px;--awb-border-radius-top-left:0px;--awb-border-radius-top-right:0px;--awb-border-radius-bottom-right:0px;--awb-border-radius-bottom-left:0px;--awb-padding-top:0px;--awb-padding-right:0px;--awb-padding-bottom:100px;--awb-padding-left:0px;--awb-padding-top-medium:0px;--awb-padding-bottom-medium:0px;--awb-padding-top-small:0px;--awb-padding-bottom-small:0px;--awb-margin-top:0px;--awb-margin-bottom:0px;--awb-margin-top-medium:0px;--awb-margin-bottom-medium:0px;--awb-margin-bottom-small:0px;--awb-background-color:var(--awb-custom_color_3);--awb-flex-wrap:wrap;\" ><div class=\"fusion-builder-row fusion-row fusion-flex-align-items-stretch fusion-flex-justify-content-center fusion-flex-content-wrap\" style=\"max-width:calc( 1200px + 60px );margin-left: calc(-60px \/ 2 );margin-right: calc(-60px \/ 2 );\"><div class=\"fusion-layout-column fusion_builder_column fusion-builder-column-4 fusion_builder_column_1_1 1_1 fusion-flex-column fusion-flex-align-self-center\" style=\"--awb-bg-size:cover;--awb-width-large:100%;--awb-margin-top-large:0px;--awb-spacing-right-large:30px;--awb-margin-bottom-large:20px;--awb-spacing-left-large:30px;--awb-width-medium:100%;--awb-order-medium:0;--awb-spacing-right-medium:30px;--awb-spacing-left-medium:30px;--awb-width-small:100%;--awb-order-small:0;--awb-spacing-right-small:30px;--awb-spacing-left-small:30px;\" data-scroll-devices=\"small-visibility,medium-visibility,large-visibility\"><div class=\"fusion-column-wrapper fusion-column-has-shadow fusion-flex-justify-content-center fusion-content-layout-column\"><div class=\"fusion-image-element \" style=\"--awb-caption-title-font-family:var(--h2_typography-font-family);--awb-caption-title-font-weight:var(--h2_typography-font-weight);--awb-caption-title-font-style:var(--h2_typography-font-style);--awb-caption-title-size:var(--h2_typography-font-size);--awb-caption-title-transform:var(--h2_typography-text-transform);--awb-caption-title-line-height:var(--h2_typography-line-height);--awb-caption-title-letter-spacing:var(--h2_typography-letter-spacing);\"><span class=\" fusion-imageframe imageframe-none imageframe-3 hover-type-none\"><a href=\"https:\/\/texray.io\/wp-content\/uploads\/2024\/04\/phantom-study-texray-1024x576.jpg\" class=\"fusion-lightbox\" data-rel=\"iLightbox[e7e4665204af53da6d7]\" data-caption=\"\" title=\"phantom-img-2025-blue-bg-rgb\"><img decoding=\"async\" width=\"1920\" height=\"1004\" src=\"https:\/\/texray.io\/wp-content\/uploads\/2025\/01\/phantom-img-2025-blue-bg-rgb-1.jpg\" data-orig-src=\"https:\/\/texray.io\/wp-content\/uploads\/2025\/01\/phantom-img-2025-blue-bg-rgb-1.jpg\" alt class=\"lazyload img-responsive wp-image-16572\" srcset=\"data:image\/svg+xml,%3Csvg%20xmlns%3D%27http%3A%2F%2Fwww.w3.org%2F2000%2Fsvg%27%20width%3D%271920%27%20height%3D%271004%27%20viewBox%3D%270%200%201920%201004%27%3E%3Crect%20width%3D%271920%27%20height%3D%271004%27%20fill-opacity%3D%220%22%2F%3E%3C%2Fsvg%3E\" data-srcset=\"https:\/\/texray.io\/wp-content\/uploads\/2025\/01\/phantom-img-2025-blue-bg-rgb-1-200x105.jpg 200w, https:\/\/texray.io\/wp-content\/uploads\/2025\/01\/phantom-img-2025-blue-bg-rgb-1-400x209.jpg 400w, https:\/\/texray.io\/wp-content\/uploads\/2025\/01\/phantom-img-2025-blue-bg-rgb-1-600x314.jpg 600w, https:\/\/texray.io\/wp-content\/uploads\/2025\/01\/phantom-img-2025-blue-bg-rgb-1-800x418.jpg 800w, https:\/\/texray.io\/wp-content\/uploads\/2025\/01\/phantom-img-2025-blue-bg-rgb-1-1200x628.jpg 1200w, https:\/\/texray.io\/wp-content\/uploads\/2025\/01\/phantom-img-2025-blue-bg-rgb-1.jpg 1920w\" data-sizes=\"auto\" data-orig-sizes=\"(max-width: 700px) 100vw, 1200px\" \/><\/a><\/span><\/div><\/div><\/div><\/div><\/div><\/p>\n","protected":false},"excerpt":{"rendered":"","protected":false},"author":1,"featured_media":0,"parent":9034,"menu_order":0,"comment_status":"closed","ping_status":"closed","template":"100-width.php","meta":{"_acf_changed":false,"content-type":"","inline_featured_image":false,"footnotes":""},"class_list":["post-9029","page","type-page","status-publish","hentry"],"acf":[],"_links":{"self":[{"href":"https:\/\/texray.io\/de\/wp-json\/wp\/v2\/pages\/9029","targetHints":{"allow":["GET"]}}],"collection":[{"href":"https:\/\/texray.io\/de\/wp-json\/wp\/v2\/pages"}],"about":[{"href":"https:\/\/texray.io\/de\/wp-json\/wp\/v2\/types\/page"}],"author":[{"embeddable":true,"href":"https:\/\/texray.io\/de\/wp-json\/wp\/v2\/users\/1"}],"replies":[{"embeddable":true,"href":"https:\/\/texray.io\/de\/wp-json\/wp\/v2\/comments?post=9029"}],"version-history":[{"count":27,"href":"https:\/\/texray.io\/de\/wp-json\/wp\/v2\/pages\/9029\/revisions"}],"predecessor-version":[{"id":16617,"href":"https:\/\/texray.io\/de\/wp-json\/wp\/v2\/pages\/9029\/revisions\/16617"}],"up":[{"embeddable":true,"href":"https:\/\/texray.io\/de\/wp-json\/wp\/v2\/pages\/9034"}],"wp:attachment":[{"href":"https:\/\/texray.io\/de\/wp-json\/wp\/v2\/media?parent=9029"}],"curies":[{"name":"wp","href":"https:\/\/api.w.org\/{rel}","templated":true}]}}