{"id":9031,"date":"2024-03-13T13:35:13","date_gmt":"2024-03-13T13:35:13","guid":{"rendered":"https:\/\/texray.io\/geist-ueber-materie\/"},"modified":"2024-03-27T09:42:20","modified_gmt":"2024-03-27T09:42:20","slug":"geist-ueber-materie","status":"publish","type":"page","link":"https:\/\/texray.io\/de\/geist-ueber-materie\/","title":{"rendered":"Geist \u00fcber Materie"},"content":{"rendered":"<p><div class=\"fusion-fullwidth fullwidth-box fusion-builder-row-1 fusion-flex-container video-background has-pattern-background has-mask-background nonhundred-percent-fullwidth non-hundred-percent-height-scrolling\" style=\"--awb-border-radius-top-left:0px;--awb-border-radius-top-right:0px;--awb-border-radius-bottom-right:0px;--awb-border-radius-bottom-left:0px;--awb-padding-bottom:450px;--awb-margin-bottom:0px;--awb-background-size:cover;--awb-flex-wrap:wrap;\" ><div class=\"fullwidth-video\"><video preload=\"auto\" autoplay playsinline loop muted><source src=\"https:\/\/texray.io\/wp-content\/uploads\/2024\/03\/0cf4c0399f024a9780844ee9686bfece.mp4\" type=\"video\/mp4\"><\/video><\/div><div class=\"fusion-builder-row fusion-row fusion-flex-align-items-flex-start fusion-flex-content-wrap\" style=\"max-width:1248px;margin-left: calc(-4% \/ 2 );margin-right: calc(-4% \/ 2 );\"><div class=\"fusion-layout-column fusion_builder_column fusion-builder-column-0 fusion_builder_column_1_1 1_1 fusion-flex-column\" style=\"--awb-bg-size:cover;--awb-width-large:100%;--awb-margin-top-large:0px;--awb-spacing-right-large:1.92%;--awb-margin-bottom-large:20px;--awb-spacing-left-large:1.92%;--awb-width-medium:100%;--awb-order-medium:0;--awb-spacing-right-medium:1.92%;--awb-spacing-left-medium:1.92%;--awb-width-small:100%;--awb-order-small:0;--awb-spacing-right-small:1.92%;--awb-spacing-left-small:1.92%;\"><div class=\"fusion-column-wrapper fusion-column-has-shadow fusion-flex-justify-content-flex-start fusion-content-layout-column\"><\/div><\/div><\/div><\/div><div class=\"fusion-fullwidth fullwidth-box fusion-builder-row-2 fusion-flex-container has-pattern-background has-mask-background nonhundred-percent-fullwidth non-hundred-percent-height-scrolling\" style=\"--link_color: var(--awb-custom_color_1);--awb-border-color:var(--awb-custom_color_2);--awb-border-radius-top-left:0px;--awb-border-radius-top-right:0px;--awb-border-radius-bottom-right:0px;--awb-border-radius-bottom-left:0px;--awb-background-color:var(--awb-custom_color_2);--awb-flex-wrap:wrap;\" ><div class=\"fusion-builder-row fusion-row fusion-flex-align-items-flex-start fusion-flex-content-wrap\" style=\"max-width:1248px;margin-left: calc(-4% \/ 2 );margin-right: calc(-4% \/ 2 );\"><div class=\"fusion-layout-column fusion_builder_column fusion-builder-column-1 fusion_builder_column_1_1 1_1 fusion-flex-column\" style=\"--awb-bg-size:cover;--awb-width-large:100%;--awb-margin-top-large:40px;--awb-spacing-right-large:1.92%;--awb-margin-bottom-large:40px;--awb-spacing-left-large:1.92%;--awb-width-medium:100%;--awb-order-medium:0;--awb-spacing-right-medium:1.92%;--awb-spacing-left-medium:1.92%;--awb-width-small:100%;--awb-order-small:0;--awb-spacing-right-small:1.92%;--awb-spacing-left-small:1.92%;\" data-scroll-devices=\"small-visibility,medium-visibility,large-visibility\"><div class=\"fusion-column-wrapper fusion-column-has-shadow fusion-flex-justify-content-flex-start fusion-content-layout-column\"><div class=\"fusion-text fusion-text-1\" style=\"--awb-content-alignment:center;--awb-text-color:var(--awb-custom_color_1);--awb-margin-top:40px;--awb-margin-right:10%;--awb-margin-left:10%;--awb-text-font-family:&quot;Lato&quot;;--awb-text-font-style:normal;--awb-text-font-weight:400;\"><div class=\"span-12\">\n<h2 class=\"section-heading a-center mt2 pb2 animate--text delay--1 px4\" style=\"text-align: center;\">GEIST \u00dcBER MATERIE<\/h2>\n<\/div>\n<div class=\"span-12 auto a-center px4\">\n<div class=\"pages-content animate--text delay--2\">\n<div class=\"rte\">\n<h3 style=\"text-align: center;\"><strong>Machen Sie sich die Macht Ihrer Entscheidungen zu eigen.<\/strong><\/h3>\n<p style=\"text-align: center;\">Die Daten sind schwer fassbar, und wir m\u00fcssen immer noch herausfinden, was die Arbeit mit potenziell sch\u00e4dlicher Strahlung in Zukunft f\u00fcr uns als Angeh\u00f6rige der Gesundheitsberufe bedeutet. Machen Sie sich die Macht Ihrer Entscheidungen zu eigen. Vorausdenken &#8211; Sicherheit geht vor.<\/p>\n<\/div>\n<\/div>\n<\/div>\n<\/div><\/div><\/div><\/div><\/div><div class=\"fusion-fullwidth fullwidth-box fusion-builder-row-3 fusion-flex-container has-pattern-background has-mask-background nonhundred-percent-fullwidth non-hundred-percent-height-scrolling\" style=\"--link_color: var(--awb-custom_color_1);--awb-border-color:var(--awb-custom_color_2);--awb-border-radius-top-left:0px;--awb-border-radius-top-right:0px;--awb-border-radius-bottom-right:0px;--awb-border-radius-bottom-left:0px;--awb-background-color:var(--awb-custom_color_1);--awb-flex-wrap:wrap;\" ><div class=\"fusion-builder-row fusion-row fusion-flex-align-items-flex-start fusion-flex-content-wrap\" style=\"max-width:1248px;margin-left: calc(-4% \/ 2 );margin-right: calc(-4% \/ 2 );\"><div class=\"fusion-layout-column fusion_builder_column fusion-builder-column-2 fusion_builder_column_1_1 1_1 fusion-flex-column\" style=\"--awb-padding-right:10%;--awb-padding-left:10%;--awb-bg-size:cover;--awb-width-large:100%;--awb-margin-top-large:40px;--awb-spacing-right-large:1.92%;--awb-margin-bottom-large:40px;--awb-spacing-left-large:1.92%;--awb-width-medium:100%;--awb-order-medium:0;--awb-spacing-right-medium:1.92%;--awb-spacing-left-medium:1.92%;--awb-width-small:100%;--awb-order-small:0;--awb-spacing-right-small:1.92%;--awb-spacing-left-small:1.92%;\" data-scroll-devices=\"small-visibility,medium-visibility,large-visibility\"><div class=\"fusion-column-wrapper fusion-column-has-shadow fusion-flex-justify-content-flex-start fusion-content-layout-column\"><div class=\"fusion-text fusion-text-2\" style=\"--awb-content-alignment:center;--awb-font-size:18px;--awb-text-color:var(--awb-color1);--awb-margin-top:40px;--awb-margin-right:10%;--awb-margin-left:10%;--awb-text-font-family:&quot;Lato&quot;;--awb-text-font-style:normal;--awb-text-font-weight:400;\"><div class=\"span-12\">\n<p class=\"section-heading a-center mt2 pb2 animate--text delay--1 px4\" style=\"text-align: center;\">Sehen Sie sich die fesselnden Videos von Dr. Bella Hausen, UK, Dr. Gioele Simonte, IT und Dr. Giacomo Iserna, IT an. H\u00f6ren Sie ihnen zu, wenn sie ihre Erfahrungen und Gedanken aus dem OP und der Exposition gegen\u00fcber ionisierender Strahlung mitteilen.<\/p>\n<\/div>\n<\/div><\/div><\/div><\/div><\/div><div class=\"fusion-fullwidth fullwidth-box fusion-builder-row-4 fusion-flex-container has-pattern-background has-mask-background hundred-percent-fullwidth non-hundred-percent-height-scrolling\" style=\"--awb-background-position:left top;--awb-border-sizes-top:0px;--awb-border-sizes-bottom:0px;--awb-border-sizes-left:0px;--awb-border-sizes-right:0px;--awb-border-radius-top-left:0px;--awb-border-radius-top-right:0px;--awb-border-radius-bottom-right:0px;--awb-border-radius-bottom-left:0px;--awb-padding-top:20px;--awb-padding-bottom:40px;--awb-padding-left:0px;--awb-padding-top-medium:0px;--awb-padding-bottom-medium:0px;--awb-padding-top-small:0px;--awb-padding-bottom-small:0px;--awb-margin-top:0px;--awb-margin-bottom:0px;--awb-margin-top-medium:0px;--awb-margin-bottom-medium:0px;--awb-margin-bottom-small:0px;--awb-background-color:var(--awb-custom_color_3);--awb-flex-wrap:wrap;\" ><div class=\"fusion-builder-row fusion-row fusion-flex-align-items-stretch fusion-flex-justify-content-center fusion-flex-content-wrap\" style=\"width:calc( 100% + 60px ) !important;max-width:calc( 100% + 60px ) !important;margin-left: calc(-60px \/ 2 );margin-right: calc(-60px \/ 2 );\"><div class=\"fusion-layout-column fusion_builder_column fusion-builder-column-3 fusion-flex-column fusion-flex-align-self-center\" style=\"--awb-bg-size:cover;--awb-width-large:auto;--awb-margin-top-large:0px;--awb-spacing-right-large:30px;--awb-margin-bottom-large:20px;--awb-spacing-left-large:30px;--awb-width-medium:auto;--awb-order-medium:0;--awb-spacing-right-medium:30px;--awb-spacing-left-medium:30px;--awb-width-small:100%;--awb-order-small:0;--awb-spacing-right-small:30px;--awb-spacing-left-small:30px;\" data-scroll-devices=\"small-visibility,medium-visibility,large-visibility\"><div class=\"fusion-column-wrapper fusion-column-has-shadow fusion-flex-justify-content-center fusion-content-layout-column\"><div class=\"fusion-text fusion-text-3\" style=\"--awb-font-size:40px;--awb-text-color:var(--awb-custom_color_1);--awb-text-font-family:&quot;Lato&quot;;--awb-text-font-style:normal;--awb-text-font-weight:700;\"><p style=\"text-align: center;\">VIDEOS<\/p>\n<\/div><div class=\"fusion-image-carousel fusion-image-carousel-auto fusion-image-carousel-1 fusion-carousel-border\"><div class=\"awb-carousel awb-swiper awb-swiper-carousel\" data-autoplay=\"no\" data-columns=\"5\" data-itemmargin=\"13\" data-itemwidth=\"180\" data-touchscroll=\"no\" data-imagesize=\"auto\"><div class=\"swiper-wrapper awb-image-carousel-wrapper fusion-flex-align-items-center\"><div class=\"swiper-slide\"><div class=\"fusion-carousel-item-wrapper\"><div class=\"fusion-image-wrapper hover-type-none\"><a href=\"https:\/\/youtu.be\/InPJP6WpKf4\" target=\"_self\"><img decoding=\"async\" width=\"900\" height=\"900\" src=\"https:\/\/texray.io\/wp-content\/uploads\/2024\/03\/bella_5b7ed522-a670-41cf-9b41-c596b178a8ab_900x.webp\" class=\"attachment-full size-full lazyload\" alt=\"\" srcset=\"data:image\/svg+xml,%3Csvg%20xmlns%3D%27http%3A%2F%2Fwww.w3.org%2F2000%2Fsvg%27%20width%3D%27900%27%20height%3D%27900%27%20viewBox%3D%270%200%20900%20900%27%3E%3Crect%20width%3D%27900%27%20height%3D%27900%27%20fill-opacity%3D%220%22%2F%3E%3C%2Fsvg%3E\" data-orig-src=\"https:\/\/texray.io\/wp-content\/uploads\/2024\/03\/bella_5b7ed522-a670-41cf-9b41-c596b178a8ab_900x.webp\" data-srcset=\"https:\/\/texray.io\/wp-content\/uploads\/2024\/03\/bella_5b7ed522-a670-41cf-9b41-c596b178a8ab_900x-66x66.webp 66w, https:\/\/texray.io\/wp-content\/uploads\/2024\/03\/bella_5b7ed522-a670-41cf-9b41-c596b178a8ab_900x-150x150.webp 150w, https:\/\/texray.io\/wp-content\/uploads\/2024\/03\/bella_5b7ed522-a670-41cf-9b41-c596b178a8ab_900x-200x200.webp 200w, https:\/\/texray.io\/wp-content\/uploads\/2024\/03\/bella_5b7ed522-a670-41cf-9b41-c596b178a8ab_900x-300x300.webp 300w, https:\/\/texray.io\/wp-content\/uploads\/2024\/03\/bella_5b7ed522-a670-41cf-9b41-c596b178a8ab_900x-400x400.webp 400w, https:\/\/texray.io\/wp-content\/uploads\/2024\/03\/bella_5b7ed522-a670-41cf-9b41-c596b178a8ab_900x-600x600.webp 600w, https:\/\/texray.io\/wp-content\/uploads\/2024\/03\/bella_5b7ed522-a670-41cf-9b41-c596b178a8ab_900x-768x768.webp 768w, https:\/\/texray.io\/wp-content\/uploads\/2024\/03\/bella_5b7ed522-a670-41cf-9b41-c596b178a8ab_900x-800x800.webp 800w, https:\/\/texray.io\/wp-content\/uploads\/2024\/03\/bella_5b7ed522-a670-41cf-9b41-c596b178a8ab_900x.webp 900w\" data-sizes=\"auto\" \/><\/a><\/div><\/div><\/div><div class=\"swiper-slide\"><div class=\"fusion-carousel-item-wrapper\"><div class=\"fusion-image-wrapper hover-type-none\"><a href=\"https:\/\/youtu.be\/Pr6dTWiDhKk\" target=\"_self\"><img decoding=\"async\" width=\"900\" height=\"900\" src=\"https:\/\/texray.io\/wp-content\/uploads\/2024\/03\/gioele_900x.webp\" class=\"attachment-full size-full lazyload\" alt=\"\" srcset=\"data:image\/svg+xml,%3Csvg%20xmlns%3D%27http%3A%2F%2Fwww.w3.org%2F2000%2Fsvg%27%20width%3D%27900%27%20height%3D%27900%27%20viewBox%3D%270%200%20900%20900%27%3E%3Crect%20width%3D%27900%27%20height%3D%27900%27%20fill-opacity%3D%220%22%2F%3E%3C%2Fsvg%3E\" data-orig-src=\"https:\/\/texray.io\/wp-content\/uploads\/2024\/03\/gioele_900x.webp\" data-srcset=\"https:\/\/texray.io\/wp-content\/uploads\/2024\/03\/gioele_900x-66x66.webp 66w, https:\/\/texray.io\/wp-content\/uploads\/2024\/03\/gioele_900x-150x150.webp 150w, https:\/\/texray.io\/wp-content\/uploads\/2024\/03\/gioele_900x-200x200.webp 200w, https:\/\/texray.io\/wp-content\/uploads\/2024\/03\/gioele_900x-300x300.webp 300w, https:\/\/texray.io\/wp-content\/uploads\/2024\/03\/gioele_900x-400x400.webp 400w, https:\/\/texray.io\/wp-content\/uploads\/2024\/03\/gioele_900x-600x600.webp 600w, https:\/\/texray.io\/wp-content\/uploads\/2024\/03\/gioele_900x-768x768.webp 768w, https:\/\/texray.io\/wp-content\/uploads\/2024\/03\/gioele_900x-800x800.webp 800w, https:\/\/texray.io\/wp-content\/uploads\/2024\/03\/gioele_900x.webp 900w\" data-sizes=\"auto\" \/><\/a><\/div><\/div><\/div><div class=\"swiper-slide\"><div class=\"fusion-carousel-item-wrapper\"><div class=\"fusion-image-wrapper hover-type-none\"><a href=\"https:\/\/youtu.be\/0grfB7NhqlQ\" target=\"_self\"><img decoding=\"async\" width=\"900\" height=\"900\" src=\"https:\/\/texray.io\/wp-content\/uploads\/2024\/03\/giacomo_900x.webp\" class=\"attachment-full size-full lazyload\" alt=\"\" srcset=\"data:image\/svg+xml,%3Csvg%20xmlns%3D%27http%3A%2F%2Fwww.w3.org%2F2000%2Fsvg%27%20width%3D%27900%27%20height%3D%27900%27%20viewBox%3D%270%200%20900%20900%27%3E%3Crect%20width%3D%27900%27%20height%3D%27900%27%20fill-opacity%3D%220%22%2F%3E%3C%2Fsvg%3E\" data-orig-src=\"https:\/\/texray.io\/wp-content\/uploads\/2024\/03\/giacomo_900x.webp\" data-srcset=\"https:\/\/texray.io\/wp-content\/uploads\/2024\/03\/giacomo_900x-66x66.webp 66w, https:\/\/texray.io\/wp-content\/uploads\/2024\/03\/giacomo_900x-150x150.webp 150w, https:\/\/texray.io\/wp-content\/uploads\/2024\/03\/giacomo_900x-200x200.webp 200w, https:\/\/texray.io\/wp-content\/uploads\/2024\/03\/giacomo_900x-300x300.webp 300w, https:\/\/texray.io\/wp-content\/uploads\/2024\/03\/giacomo_900x-400x400.webp 400w, https:\/\/texray.io\/wp-content\/uploads\/2024\/03\/giacomo_900x-600x600.webp 600w, https:\/\/texray.io\/wp-content\/uploads\/2024\/03\/giacomo_900x-768x768.webp 768w, https:\/\/texray.io\/wp-content\/uploads\/2024\/03\/giacomo_900x-800x800.webp 800w, https:\/\/texray.io\/wp-content\/uploads\/2024\/03\/giacomo_900x.webp 900w\" data-sizes=\"auto\" \/><\/a><\/div><\/div><\/div><\/div><div class=\"awb-swiper-button awb-swiper-button-prev\"><i class=\"awb-icon-angle-left\" aria-hidden=\"true\"><\/i><\/div><div class=\"awb-swiper-button awb-swiper-button-next\"><i class=\"awb-icon-angle-right\" aria-hidden=\"true\"><\/i><\/div><\/div><\/div><\/div><\/div><\/div><\/div><\/p>\n","protected":false},"excerpt":{"rendered":"","protected":false},"author":1,"featured_media":0,"parent":0,"menu_order":0,"comment_status":"closed","ping_status":"closed","template":"100-width.php","meta":{"_acf_changed":false,"content-type":"","inline_featured_image":false,"footnotes":""},"class_list":["post-9031","page","type-page","status-publish","hentry"],"acf":[],"_links":{"self":[{"href":"https:\/\/texray.io\/de\/wp-json\/wp\/v2\/pages\/9031","targetHints":{"allow":["GET"]}}],"collection":[{"href":"https:\/\/texray.io\/de\/wp-json\/wp\/v2\/pages"}],"about":[{"href":"https:\/\/texray.io\/de\/wp-json\/wp\/v2\/types\/page"}],"author":[{"embeddable":true,"href":"https:\/\/texray.io\/de\/wp-json\/wp\/v2\/users\/1"}],"replies":[{"embeddable":true,"href":"https:\/\/texray.io\/de\/wp-json\/wp\/v2\/comments?post=9031"}],"version-history":[{"count":21,"href":"https:\/\/texray.io\/de\/wp-json\/wp\/v2\/pages\/9031\/revisions"}],"predecessor-version":[{"id":12942,"href":"https:\/\/texray.io\/de\/wp-json\/wp\/v2\/pages\/9031\/revisions\/12942"}],"wp:attachment":[{"href":"https:\/\/texray.io\/de\/wp-json\/wp\/v2\/media?parent=9031"}],"curies":[{"name":"wp","href":"https:\/\/api.w.org\/{rel}","templated":true}]}}