{"id":9131,"date":"2022-07-27T15:11:08","date_gmt":"2022-07-27T15:11:08","guid":{"rendered":"https:\/\/texray.io\/produkte\/"},"modified":"2024-10-29T12:38:44","modified_gmt":"2024-10-29T12:38:44","slug":"produkte","status":"publish","type":"page","link":"https:\/\/texray.io\/de\/produkte\/","title":{"rendered":"Produkte"},"content":{"rendered":"<p><div id=\"Team\" class=\"fusion-container-anchor\"><div class=\"fusion-bg-parallax\" data-bg-align=\"center top\" data-direction=\"up\" data-mute=\"false\" data-opacity=\"100\" data-velocity=\"-0.2\" data-mobile-enabled=\"false\" data-break_parents=\"0\" data-bg-image=\"https:\/\/texray.io\/wp-content\/uploads\/2024\/03\/linc-texray2_1520x.webp\" data-bg-repeat=\"false\" data-bg-color=\"var(--awb-custom_color_3)\" ><\/div><div class=\"fusion-fullwidth fullwidth-box fusion-builder-row-1 fusion-flex-container has-pattern-background has-mask-background fusion-parallax-up hundred-percent-fullwidth non-hundred-percent-height-scrolling lazyload\" style=\"--link_hover_color: var(--awb-color4);--link_color: var(--awb-color5);--awb-background-position:center top;--awb-border-sizes-top:0px;--awb-border-sizes-bottom:0px;--awb-border-sizes-left:0px;--awb-border-sizes-right:0px;--awb-border-radius-top-left:0px;--awb-border-radius-top-right:0px;--awb-border-radius-bottom-right:0px;--awb-border-radius-bottom-left:0px;--awb-padding-top:269px;--awb-padding-right:0px;--awb-padding-bottom:47px;--awb-padding-left:0px;--awb-padding-top-medium:90px;--awb-padding-bottom-medium:0px;--awb-padding-top-small:90px;--awb-margin-top:0px;--awb-margin-bottom:0px;--awb-margin-bottom-medium:0px;--awb-background-color:var(--awb-custom_color_3);--awb-background-size:cover;--awb-flex-wrap:wrap;--awb-flex-wrap-medium:wrap;--awb-flex-wrap-small:wrap;\" data-bg=\"https:\/\/texray.io\/wp-content\/uploads\/2024\/03\/linc-texray2_1520x.webp\" ><div class=\"fusion-builder-row fusion-row fusion-flex-align-items-stretch fusion-flex-justify-content-center fusion-flex-content-wrap\" style=\"width:calc( 100% + 80px ) !important;max-width:calc( 100% + 80px ) !important;margin-left: calc(-80px \/ 2 );margin-right: calc(-80px \/ 2 );\"><div class=\"fusion-layout-column fusion_builder_column fusion-builder-column-0 fusion_builder_column_1_1 1_1 fusion-flex-column\" style=\"--awb-padding-bottom:20px;--awb-padding-bottom-medium:94px;--awb-padding-top-small:35px;--awb-padding-bottom-small:8px;--awb-bg-size:cover;--awb-width-large:100%;--awb-margin-top-large:0px;--awb-spacing-right-large:40px;--awb-margin-bottom-large:0px;--awb-spacing-left-large:40px;--awb-width-medium:100%;--awb-order-medium:0;--awb-spacing-right-medium:40px;--awb-margin-bottom-medium:0px;--awb-spacing-left-medium:40px;--awb-width-small:100%;--awb-order-small:0;--awb-margin-top-small:0px;--awb-spacing-right-small:40px;--awb-margin-bottom-small:0px;--awb-spacing-left-small:40px;\"><div class=\"fusion-column-wrapper fusion-column-has-shadow fusion-flex-justify-content-flex-start fusion-content-layout-column\"><\/div><\/div><\/div><\/div><\/div><div class=\"fusion-fullwidth fullwidth-box fusion-builder-row-2 fusion-flex-container has-pattern-background has-mask-background nonhundred-percent-fullwidth non-hundred-percent-height-scrolling\" style=\"--awb-background-position:left top;--awb-border-sizes-top:0px;--awb-border-sizes-bottom:0px;--awb-border-sizes-left:0px;--awb-border-sizes-right:0px;--awb-border-radius-top-left:0px;--awb-border-radius-top-right:0px;--awb-border-radius-bottom-right:0px;--awb-border-radius-bottom-left:0px;--awb-padding-top:50px;--awb-padding-bottom:130px;--awb-padding-top-medium:50px;--awb-padding-bottom-medium:90px;--awb-padding-top-small:50px;--awb-padding-bottom-small:80px;--awb-margin-bottom-medium:0px;--awb-background-color:var(--awb-custom_color_3);--awb-flex-wrap:wrap;\" ><div class=\"fusion-builder-row fusion-row fusion-flex-align-items-center fusion-flex-justify-content-center fusion-flex-content-wrap\" style=\"max-width:calc( 1200px + 80px );margin-left: calc(-80px \/ 2 );margin-right: calc(-80px \/ 2 );\"><div class=\"fusion-layout-column fusion_builder_column fusion-builder-column-1 fusion_builder_column_1_1 1_1 fusion-flex-column fusion-flex-align-self-center fusion-animated\" style=\"--awb-bg-size:cover;--awb-width-large:100%;--awb-margin-top-large:0px;--awb-spacing-right-large:40px;--awb-margin-bottom-large:20px;--awb-spacing-left-large:40px;--awb-width-medium:100%;--awb-order-medium:0;--awb-spacing-right-medium:40px;--awb-spacing-left-medium:40px;--awb-width-small:100%;--awb-order-small:0;--awb-spacing-right-small:40px;--awb-spacing-left-small:40px;\" data-animationType=\"fadeInLeft\" data-animationDuration=\"1.0\" data-animationOffset=\"top-into-view\" data-scroll-devices=\"small-visibility,medium-visibility,large-visibility\"><div class=\"fusion-column-wrapper fusion-column-has-shadow fusion-flex-justify-content-flex-start fusion-content-layout-column\"><div class=\"fusion-title title fusion-title-1 fusion-sep-none fusion-title-center fusion-title-text fusion-title-size-three\" style=\"--awb-text-color:var(--awb-custom_color_1);\"><h3 class=\"fusion-title-heading title-heading-center\" style=\"font-family:&quot;Lato&quot;;font-style:normal;font-weight:700;margin:0;\">SCH\u00dcTZEN SIE IHREN HALS, IHR GESICHT UND IHR GEHIRN<\/h3><\/div><div class=\"fusion-text fusion-text-1\" style=\"--awb-font-size:17px;--awb-text-color:var(--awb-custom_color_1);--awb-text-font-family:&quot;Lato&quot;;--awb-text-font-style:normal;--awb-text-font-weight:400;\"><p style=\"text-align: center;\">IN PERS\u00d6NLICHE SCHUTZKLEIDUNG INVESTIEREN<\/p>\n<\/div><div class=\"fusion-builder-row fusion-builder-row-inner fusion-row fusion-flex-align-items-center fusion-flex-justify-content-center fusion-flex-content-wrap\" style=\"width:calc( 100% + 80px ) !important;max-width:calc( 100% + 80px ) !important;margin-left: calc(-80px \/ 2 );margin-right: calc(-80px \/ 2 );\"><div class=\"fusion-layout-column fusion_builder_column_inner fusion-builder-nested-column-0 fusion_builder_column_inner_1_6 1_6 fusion-flex-column\" style=\"--awb-bg-size:cover;--awb-width-large:16.666666666667%;--awb-margin-top-large:20px;--awb-spacing-right-large:40px;--awb-margin-bottom-large:20px;--awb-spacing-left-large:40px;--awb-width-medium:16.666666666667%;--awb-order-medium:0;--awb-spacing-right-medium:40px;--awb-spacing-left-medium:40px;--awb-width-small:100%;--awb-order-small:0;--awb-spacing-right-small:40px;--awb-spacing-left-small:40px;\" data-scroll-devices=\"small-visibility,medium-visibility,large-visibility\"><div class=\"fusion-column-wrapper fusion-column-has-shadow fusion-flex-justify-content-flex-start fusion-content-layout-column\"><\/div><\/div><div class=\"fusion-layout-column fusion_builder_column_inner fusion-builder-nested-column-1 fusion_builder_column_inner_2_3 2_3 fusion-flex-column\" style=\"--awb-bg-size:cover;--awb-width-large:66.666666666667%;--awb-margin-top-large:20px;--awb-spacing-right-large:40px;--awb-margin-bottom-large:20px;--awb-spacing-left-large:40px;--awb-width-medium:66.666666666667%;--awb-order-medium:0;--awb-spacing-right-medium:40px;--awb-spacing-left-medium:40px;--awb-width-small:100%;--awb-order-small:0;--awb-spacing-right-small:40px;--awb-spacing-left-small:40px;\" data-scroll-devices=\"small-visibility,medium-visibility,large-visibility\"><div class=\"fusion-column-wrapper fusion-column-has-shadow fusion-flex-justify-content-flex-start fusion-content-layout-column\"><div class=\"fusion-text fusion-text-2\" style=\"--awb-font-size:16px;--awb-text-color:var(--awb-custom_color_1);--awb-text-font-family:&quot;Lato&quot;;--awb-text-font-style:normal;--awb-text-font-weight:400;\"><p>Mediziner sollten nicht ihre eigene Gesundheit riskieren m\u00fcssen, wenn sie das Leben anderer retten. Aus diesem Grund haben wir Texray erfunden, das erste Strahlenschutztextil der Welt. Das Textil ist eine patentierte Technologieplattform und stellt ein gewebtes und atmungsaktives Material mit D\u00e4mpfungseigenschaften dar, das den Benutzer vor sch\u00e4dlicher Strahlung sch\u00fctzt. Aufgrund der inh\u00e4renten Struktur von Texray ist es m\u00f6glich, den Bedarf an haltbarerer Strahlenschutzkleidung zu decken und die ergonomischen Parameter wie Anthropometrie, Biomechanik, Wasserdampftransport und W\u00e4rmeempfinden im Vergleich zu Konkurrenzprodukten zu verbessern.<\/p>\n<p>Texray ist derzeit als HeadPeace zur Verringerung der Strahlenbelastung im oberen Bereich des Kopfes und als MindPeace zur Verringerung der Strahlenbelastung im unteren und mittleren Bereich von Kopf, Hals und Gesicht erh\u00e4ltlich.<\/p>\n<\/div><\/div><\/div><div class=\"fusion-layout-column fusion_builder_column_inner fusion-builder-nested-column-2 fusion_builder_column_inner_1_6 1_6 fusion-flex-column\" style=\"--awb-bg-size:cover;--awb-width-large:16.666666666667%;--awb-margin-top-large:20px;--awb-spacing-right-large:40px;--awb-margin-bottom-large:20px;--awb-spacing-left-large:40px;--awb-width-medium:16.666666666667%;--awb-order-medium:0;--awb-spacing-right-medium:40px;--awb-spacing-left-medium:40px;--awb-width-small:100%;--awb-order-small:0;--awb-spacing-right-small:40px;--awb-spacing-left-small:40px;\" data-scroll-devices=\"small-visibility,medium-visibility,large-visibility\"><div class=\"fusion-column-wrapper fusion-column-has-shadow fusion-flex-justify-content-flex-start fusion-content-layout-column\"><\/div><\/div><\/div><\/div><\/div><div class=\"fusion-layout-column fusion_builder_column fusion-builder-column-2 fusion_builder_column_1_2 1_2 fusion-flex-column fusion-flex-align-self-flex-start fusion-column-inner-bg-wrapper\" style=\"--awb-inner-bg-size:cover;--awb-width-large:50%;--awb-margin-top-large:0px;--awb-spacing-right-large:calc( 0.02 * calc( 100% - 80px ) );--awb-margin-bottom-large:20px;--awb-spacing-left-large:calc( 0.08 * calc( 100% - 80px ) );--awb-width-medium:50%;--awb-order-medium:0;--awb-spacing-right-medium:calc( 0.02 * calc( 100% - 80px ) );--awb-spacing-left-medium:calc( 0.08 * calc( 100% - 80px ) );--awb-width-small:100%;--awb-order-small:0;--awb-spacing-right-small:40px;--awb-spacing-left-small:40px;\" data-scroll-devices=\"small-visibility,medium-visibility,large-visibility\"><span class=\"fusion-column-inner-bg hover-type-none\"><a class=\"fusion-column-anchor\" href=\"https:\/\/texray.io\/de\/produkte\/headpeace\/\"><span class=\"fusion-column-inner-bg-image\"><\/span><\/a><\/span><div class=\"fusion-column-wrapper fusion-column-has-shadow fusion-flex-justify-content-flex-start fusion-content-layout-column\"><div class=\"fusion-image-element \" style=\"--awb-caption-title-font-family:var(--h2_typography-font-family);--awb-caption-title-font-weight:var(--h2_typography-font-weight);--awb-caption-title-font-style:var(--h2_typography-font-style);--awb-caption-title-size:var(--h2_typography-font-size);--awb-caption-title-transform:var(--h2_typography-text-transform);--awb-caption-title-line-height:var(--h2_typography-line-height);--awb-caption-title-letter-spacing:var(--h2_typography-letter-spacing);\"><span class=\" fusion-imageframe imageframe-none imageframe-1 hover-type-none\"><img decoding=\"async\" width=\"1520\" height=\"1520\" title=\"Texray-HP-close-up-ear_1520x\" src=\"https:\/\/texray.io\/wp-content\/uploads\/2024\/03\/Texray-HP-close-up-ear_1520x.webp\" data-orig-src=\"https:\/\/texray.io\/wp-content\/uploads\/2024\/03\/Texray-HP-close-up-ear_1520x.webp\" alt class=\"lazyload img-responsive wp-image-8754\" srcset=\"data:image\/svg+xml,%3Csvg%20xmlns%3D%27http%3A%2F%2Fwww.w3.org%2F2000%2Fsvg%27%20width%3D%271520%27%20height%3D%271520%27%20viewBox%3D%270%200%201520%201520%27%3E%3Crect%20width%3D%271520%27%20height%3D%271520%27%20fill-opacity%3D%220%22%2F%3E%3C%2Fsvg%3E\" data-srcset=\"https:\/\/texray.io\/wp-content\/uploads\/2024\/03\/Texray-HP-close-up-ear_1520x-66x66.webp 66w, https:\/\/texray.io\/wp-content\/uploads\/2024\/03\/Texray-HP-close-up-ear_1520x-150x150.webp 150w, https:\/\/texray.io\/wp-content\/uploads\/2024\/03\/Texray-HP-close-up-ear_1520x-200x200.webp 200w, https:\/\/texray.io\/wp-content\/uploads\/2024\/03\/Texray-HP-close-up-ear_1520x-300x300.webp 300w, https:\/\/texray.io\/wp-content\/uploads\/2024\/03\/Texray-HP-close-up-ear_1520x-400x400.webp 400w, https:\/\/texray.io\/wp-content\/uploads\/2024\/03\/Texray-HP-close-up-ear_1520x-600x600.webp 600w, https:\/\/texray.io\/wp-content\/uploads\/2024\/03\/Texray-HP-close-up-ear_1520x-768x768.webp 768w, https:\/\/texray.io\/wp-content\/uploads\/2024\/03\/Texray-HP-close-up-ear_1520x-800x800.webp 800w, https:\/\/texray.io\/wp-content\/uploads\/2024\/03\/Texray-HP-close-up-ear_1520x-1024x1024.webp 1024w, https:\/\/texray.io\/wp-content\/uploads\/2024\/03\/Texray-HP-close-up-ear_1520x-1200x1200.webp 1200w, https:\/\/texray.io\/wp-content\/uploads\/2024\/03\/Texray-HP-close-up-ear_1520x.webp 1520w\" data-sizes=\"auto\" data-orig-sizes=\"(max-width: 700px) 100vw, 800px\" \/><\/span><\/div><div class=\"fusion-text fusion-text-3 fusion-text-no-margin\" style=\"--awb-font-size:24px;--awb-letter-spacing:2px;--awb-text-color:var(--awb-custom_color_1);--awb-margin-top:10px;--awb-margin-bottom:0px;--awb-text-font-family:&quot;Lato&quot;;--awb-text-font-style:normal;--awb-text-font-weight:700;\"><p>HeadPeace<\/p>\n<\/div><div class=\"fusion-text fusion-text-4 fusion-text-no-margin\" style=\"--awb-font-size:16px;--awb-text-color:var(--awb-custom_color_1);--awb-margin-top:0px;--awb-margin-bottom:0px;--awb-text-font-family:&quot;Lato&quot;;--awb-text-font-style:normal;--awb-text-font-weight:400;\"><p><strong>Das bequeme Kopfband<\/strong><\/p>\n<\/div><div class=\"fusion-text fusion-text-5 fusion-text-no-margin\" style=\"--awb-font-size:14px;--awb-text-color:var(--awb-custom_color_1);--awb-margin-top:5px;--awb-margin-bottom:0px;--awb-text-font-family:&quot;Lato&quot;;--awb-text-font-style:normal;--awb-text-font-weight:400;\"><p>Entwickelt, um die Streustrahlenexposition im oberen Bereich des Kopfes zu reduzieren.<\/p>\n<\/div><\/div><\/div><div class=\"fusion-layout-column fusion_builder_column fusion-builder-column-3 fusion_builder_column_1_2 1_2 fusion-flex-column fusion-flex-align-self-flex-start fusion-column-inner-bg-wrapper\" style=\"--awb-inner-bg-size:cover;--awb-width-large:50%;--awb-margin-top-large:0px;--awb-spacing-right-large:calc( 0.08 * calc( 100% - 80px ) );--awb-margin-bottom-large:20px;--awb-spacing-left-large:calc( 0.02 * calc( 100% - 80px ) );--awb-width-medium:50%;--awb-order-medium:0;--awb-spacing-right-medium:calc( 0.08 * calc( 100% - 80px ) );--awb-spacing-left-medium:calc( 0.02 * calc( 100% - 80px ) );--awb-width-small:100%;--awb-order-small:0;--awb-spacing-right-small:40px;--awb-spacing-left-small:40px;\" data-scroll-devices=\"small-visibility,medium-visibility,large-visibility\"><span class=\"fusion-column-inner-bg hover-type-none\"><a class=\"fusion-column-anchor\" href=\"https:\/\/texray.io\/de\/produkte\/mindpeace-2\/\"><span class=\"fusion-column-inner-bg-image\"><\/span><\/a><\/span><div class=\"fusion-column-wrapper fusion-column-has-shadow fusion-flex-justify-content-flex-start fusion-content-layout-column\"><div class=\"fusion-image-element \" style=\"--awb-caption-title-font-family:var(--h2_typography-font-family);--awb-caption-title-font-weight:var(--h2_typography-font-weight);--awb-caption-title-font-style:var(--h2_typography-font-style);--awb-caption-title-size:var(--h2_typography-font-size);--awb-caption-title-transform:var(--h2_typography-text-transform);--awb-caption-title-line-height:var(--h2_typography-line-height);--awb-caption-title-letter-spacing:var(--h2_typography-letter-spacing);\"><span class=\" fusion-imageframe imageframe-none imageframe-2 hover-type-none\"><img decoding=\"async\" width=\"1520\" height=\"1519\" title=\"MindPeace-closeup-male_862deacd-001b-4a6b-b9b0-c8fe7b2ece1f_1520x\" src=\"https:\/\/texray.io\/wp-content\/uploads\/2024\/03\/MindPeace-closeup-male_862deacd-001b-4a6b-b9b0-c8fe7b2ece1f_1520x.webp\" data-orig-src=\"https:\/\/texray.io\/wp-content\/uploads\/2024\/03\/MindPeace-closeup-male_862deacd-001b-4a6b-b9b0-c8fe7b2ece1f_1520x.webp\" alt class=\"lazyload img-responsive wp-image-8787\" srcset=\"data:image\/svg+xml,%3Csvg%20xmlns%3D%27http%3A%2F%2Fwww.w3.org%2F2000%2Fsvg%27%20width%3D%271520%27%20height%3D%271519%27%20viewBox%3D%270%200%201520%201519%27%3E%3Crect%20width%3D%271520%27%20height%3D%271519%27%20fill-opacity%3D%220%22%2F%3E%3C%2Fsvg%3E\" data-srcset=\"https:\/\/texray.io\/wp-content\/uploads\/2024\/03\/MindPeace-closeup-male_862deacd-001b-4a6b-b9b0-c8fe7b2ece1f_1520x-66x66.webp 66w, https:\/\/texray.io\/wp-content\/uploads\/2024\/03\/MindPeace-closeup-male_862deacd-001b-4a6b-b9b0-c8fe7b2ece1f_1520x-150x150.webp 150w, https:\/\/texray.io\/wp-content\/uploads\/2024\/03\/MindPeace-closeup-male_862deacd-001b-4a6b-b9b0-c8fe7b2ece1f_1520x-200x200.webp 200w, https:\/\/texray.io\/wp-content\/uploads\/2024\/03\/MindPeace-closeup-male_862deacd-001b-4a6b-b9b0-c8fe7b2ece1f_1520x-300x300.webp 300w, https:\/\/texray.io\/wp-content\/uploads\/2024\/03\/MindPeace-closeup-male_862deacd-001b-4a6b-b9b0-c8fe7b2ece1f_1520x-400x400.webp 400w, https:\/\/texray.io\/wp-content\/uploads\/2024\/03\/MindPeace-closeup-male_862deacd-001b-4a6b-b9b0-c8fe7b2ece1f_1520x-600x600.webp 600w, https:\/\/texray.io\/wp-content\/uploads\/2024\/03\/MindPeace-closeup-male_862deacd-001b-4a6b-b9b0-c8fe7b2ece1f_1520x-768x767.webp 768w, https:\/\/texray.io\/wp-content\/uploads\/2024\/03\/MindPeace-closeup-male_862deacd-001b-4a6b-b9b0-c8fe7b2ece1f_1520x-800x799.webp 800w, https:\/\/texray.io\/wp-content\/uploads\/2024\/03\/MindPeace-closeup-male_862deacd-001b-4a6b-b9b0-c8fe7b2ece1f_1520x-1024x1024.webp 1024w, https:\/\/texray.io\/wp-content\/uploads\/2024\/03\/MindPeace-closeup-male_862deacd-001b-4a6b-b9b0-c8fe7b2ece1f_1520x-1200x1199.webp 1200w, https:\/\/texray.io\/wp-content\/uploads\/2024\/03\/MindPeace-closeup-male_862deacd-001b-4a6b-b9b0-c8fe7b2ece1f_1520x.webp 1520w\" data-sizes=\"auto\" data-orig-sizes=\"(max-width: 700px) 100vw, 800px\" \/><\/span><\/div><div class=\"fusion-text fusion-text-6 fusion-text-no-margin\" style=\"--awb-font-size:24px;--awb-letter-spacing:2px;--awb-text-color:var(--awb-custom_color_1);--awb-margin-top:10px;--awb-margin-bottom:0px;--awb-text-font-family:&quot;Lato&quot;;--awb-text-font-style:normal;--awb-text-font-weight:700;\"><p>MindPeace<\/p>\n<\/div><div class=\"fusion-text fusion-text-7 fusion-text-no-margin\" style=\"--awb-font-size:16px;--awb-text-color:var(--awb-custom_color_1);--awb-margin-top:0px;--awb-margin-bottom:0px;--awb-text-font-family:&quot;Lato&quot;;--awb-text-font-style:normal;--awb-text-font-weight:400;\"><p><strong>Der Schutz f\u00fcr Hals, Gesicht und Gehirn<\/strong><\/p>\n<\/div><div class=\"fusion-text fusion-text-8 fusion-text-no-margin\" style=\"--awb-font-size:14px;--awb-text-color:var(--awb-custom_color_1);--awb-margin-top:5px;--awb-margin-bottom:0px;--awb-text-font-family:&quot;Lato&quot;;--awb-text-font-style:normal;--awb-text-font-weight:400;\"><p>Entwickelt, um die Streustrahlenexposition von Hals, Gesicht und Gehirn um bis zu 97% zu reduzieren<\/p>\n<\/div><\/div><\/div><\/div><\/div><\/p>\n","protected":false},"excerpt":{"rendered":"","protected":false},"author":1,"featured_media":0,"parent":0,"menu_order":0,"comment_status":"closed","ping_status":"closed","template":"100-width.php","meta":{"_acf_changed":false,"content-type":"","inline_featured_image":false,"footnotes":""},"class_list":["post-9131","page","type-page","status-publish","hentry"],"acf":[],"_links":{"self":[{"href":"https:\/\/texray.io\/de\/wp-json\/wp\/v2\/pages\/9131","targetHints":{"allow":["GET"]}}],"collection":[{"href":"https:\/\/texray.io\/de\/wp-json\/wp\/v2\/pages"}],"about":[{"href":"https:\/\/texray.io\/de\/wp-json\/wp\/v2\/types\/page"}],"author":[{"embeddable":true,"href":"https:\/\/texray.io\/de\/wp-json\/wp\/v2\/users\/1"}],"replies":[{"embeddable":true,"href":"https:\/\/texray.io\/de\/wp-json\/wp\/v2\/comments?post=9131"}],"version-history":[{"count":27,"href":"https:\/\/texray.io\/de\/wp-json\/wp\/v2\/pages\/9131\/revisions"}],"predecessor-version":[{"id":16044,"href":"https:\/\/texray.io\/de\/wp-json\/wp\/v2\/pages\/9131\/revisions\/16044"}],"wp:attachment":[{"href":"https:\/\/texray.io\/de\/wp-json\/wp\/v2\/media?parent=9131"}],"curies":[{"name":"wp","href":"https:\/\/api.w.org\/{rel}","templated":true}]}}