{"id":11623,"date":"2024-03-25T21:04:58","date_gmt":"2024-03-25T21:04:58","guid":{"rendered":"https:\/\/texray.io\/recursos\/referencias\/"},"modified":"2024-03-27T19:29:05","modified_gmt":"2024-03-27T19:29:05","slug":"referencias","status":"publish","type":"page","link":"https:\/\/texray.io\/es\/recursos\/referencias\/","title":{"rendered":"Referencias"},"content":{"rendered":"<p><div id=\"equipo\" class=\"fusion-container-anchor\"><div class=\"fusion-fullwidth fullwidth-box fusion-builder-row-1 fusion-flex-container has-pattern-background has-mask-background hundred-percent-fullwidth non-hundred-percent-height-scrolling\" style=\"--link_hover_color: var(--awb-color4);--link_color: var(--awb-custom_color_1);--awb-background-position:center top;--awb-border-sizes-top:0px;--awb-border-sizes-bottom:0px;--awb-border-sizes-left:0px;--awb-border-sizes-right:0px;--awb-border-radius-top-left:0px;--awb-border-radius-top-right:0px;--awb-border-radius-bottom-right:0px;--awb-border-radius-bottom-left:0px;--awb-padding-top:0px;--awb-padding-right:0px;--awb-padding-bottom:0px;--awb-padding-left:0px;--awb-padding-top-medium:90px;--awb-padding-bottom-medium:0px;--awb-padding-top-small:90px;--awb-margin-top:0px;--awb-margin-bottom:0px;--awb-margin-bottom-medium:0px;--awb-background-color:var(--awb-custom_color_1);--awb-flex-wrap:wrap;--awb-flex-wrap-medium:wrap;--awb-flex-wrap-small:wrap;\" ><div class=\"fusion-builder-row fusion-row fusion-flex-align-items-stretch fusion-flex-align-content-center fusion-flex-justify-content-center fusion-flex-content-wrap\" style=\"width:calc( 100% + 80px ) !important;max-width:calc( 100% + 80px ) !important;margin-left: calc(-80px \/ 2 );margin-right: calc(-80px \/ 2 );\"><div class=\"fusion-layout-column fusion_builder_column fusion-builder-column-0 fusion_builder_column_1_1 1_1 fusion-flex-column fusion-flex-align-self-center\" style=\"--awb-padding-top-small:35px;--awb-padding-bottom-small:55px;--awb-bg-size:cover;--awb-width-large:100%;--awb-margin-top-large:90px;--awb-spacing-right-large:40px;--awb-margin-bottom-large:90px;--awb-spacing-left-large:40px;--awb-width-medium:100%;--awb-order-medium:0;--awb-spacing-right-medium:40px;--awb-spacing-left-medium:40px;--awb-width-small:100%;--awb-order-small:0;--awb-spacing-right-small:40px;--awb-margin-bottom-small:0px;--awb-spacing-left-small:40px;\" data-scroll-devices=\"small-visibility,medium-visibility,large-visibility\"><div class=\"fusion-column-wrapper fusion-column-has-shadow fusion-flex-justify-content-center fusion-content-layout-column\"><div class=\"fusion-text fusion-text-1\" style=\"--awb-font-size:52px;--awb-text-color:var(--awb-custom_color_4);--awb-text-font-family:&quot;Lato&quot;;--awb-text-font-style:normal;--awb-text-font-weight:700;\"><p style=\"text-align: center; color: var(--awb-custom_color_5);\">REFERENCIAS<\/p>\n<\/div><\/div><\/div><\/div><\/div><\/div><div class=\"fusion-fullwidth fullwidth-box fusion-builder-row-2 fusion-flex-container has-pattern-background has-mask-background nonhundred-percent-fullwidth non-hundred-percent-height-scrolling\" style=\"--link_color: var(--awb-custom_color_1);--awb-border-radius-top-left:0px;--awb-border-radius-top-right:0px;--awb-border-radius-bottom-right:0px;--awb-border-radius-bottom-left:0px;--awb-padding-top:63px;--awb-padding-bottom:39px;--awb-margin-top:50px;--awb-margin-bottom:47px;--awb-flex-wrap:wrap;\" ><div class=\"fusion-builder-row fusion-row fusion-flex-align-items-flex-start fusion-flex-content-wrap\" style=\"max-width:1248px;margin-left: calc(-4% \/ 2 );margin-right: calc(-4% \/ 2 );\"><div class=\"fusion-layout-column fusion_builder_column fusion-builder-column-1 fusion_builder_column_1_1 1_1 fusion-flex-column\" style=\"--awb-padding-right:10%;--awb-padding-left:10%;--awb-bg-color:var(--awb-custom_color_3);--awb-bg-color-hover:var(--awb-custom_color_3);--awb-bg-size:cover;--awb-width-large:100%;--awb-margin-top-large:0px;--awb-spacing-right-large:1.92%;--awb-margin-bottom-large:20px;--awb-spacing-left-large:1.92%;--awb-width-medium:100%;--awb-order-medium:0;--awb-spacing-right-medium:1.92%;--awb-spacing-left-medium:1.92%;--awb-width-small:100%;--awb-order-small:0;--awb-spacing-right-small:1.92%;--awb-spacing-left-small:1.92%;\" data-scroll-devices=\"small-visibility,medium-visibility,large-visibility\"><div class=\"fusion-column-wrapper fusion-column-has-shadow fusion-flex-justify-content-flex-start fusion-content-layout-column\"><ul style=\"--awb-iconcolor:var(--awb-custom_color_2);--awb-textcolor:var(--awb-custom_color_1);--awb-line-height:27.2px;--awb-icon-width:27.2px;--awb-icon-height:27.2px;--awb-icon-margin:11.2px;--awb-content-margin:38.4px;--awb-circlecolor:var(--awb-custom_color_1);--awb-circle-yes-font-size:14.08px;\" class=\"fusion-checklist fusion-checklist-1 fusion-checklist-default type-numbered\"><li class=\"fusion-li-item\" style=\"\"><span class=\"icon-wrapper circle-yes\">1<\/span><div class=\"fusion-li-item-content\">\n<p>Bjersg\u00e5rd A., En studie p\u00e5 str\u00e5lskyddskl\u00e4der, dess anv\u00e4ndning och anv\u00e4ndarnas r\u00f6relsem\u00f6nster med ett ergonomiskt perspektiv. Centro de Tecnolog\u00eda Sanitaria Halland (HCH), Universidad de Halmstad, Suecia, 2015.<\/p>\n<\/div><\/li><li class=\"fusion-li-item\" style=\"\"><span class=\"icon-wrapper circle-yes\">2<\/span><div class=\"fusion-li-item-content\">\n<p>Vano E. Protecci\u00f3n radiol\u00f3gica ocupacional del personal sanitario en imagenolog\u00eda. Radiat Prot Dosimetry. 2015 Abr;164(1-2):126-9. doi: 10.1093\/rpd\/ncu354.<\/p>\n<\/div><\/li><li class=\"fusion-li-item\" style=\"\"><span class=\"icon-wrapper circle-yes\">3<\/span><div class=\"fusion-li-item-content\">\n<p>CIPR, 2018. Protecci\u00f3n radiol\u00f3gica ocupacional en procedimientos intervencionistas. Publicaci\u00f3n 139 de la CIPR. Ann. CIPR 47(2)<\/p>\n<\/div><\/li><li class=\"fusion-li-item\" style=\"\"><span class=\"icon-wrapper circle-yes\">4<\/span><div class=\"fusion-li-item-content\">\n<p>Miller, D.L., et al., Occupational radiation protection in interventional radiology: a joint guideline of the Cardiovascular and Interventional Radiology Society of Europe and the Society of Interventional Radiology. Cardiovasc Intervent Radiol, 2010. 33(2): p. 230-9.<\/p>\n<\/div><\/li><li class=\"fusion-li-item\" style=\"\"><span class=\"icon-wrapper circle-yes\">5<\/span><div class=\"fusion-li-item-content\">\n<p>Lee, W. H., Nguyen, P. K., Fleischmann, D., &amp; Wu, J. C. (2016). Biomarcadores asociados al da\u00f1o del ADN en el estudio de la sensibilidad individual a la radiaci\u00f3n de baja dosis procedente de la imagen cardiovascular. Revista europea del coraz\u00f3n, 37(40), 3075-3080.<\/p>\n<\/div><\/li><li class=\"fusion-li-item\" style=\"\"><span class=\"icon-wrapper circle-yes\">6<\/span><div class=\"fusion-li-item-content\">\n<p>Brenner, D. J., Doll, R., Goodhead, D. T., Hall, E. J., Land, C. E., Little, J. B., y Zaider, M. (2003). Riesgos de c\u00e1ncer atribuibles a dosis bajas de radiaciones ionizantes: evaluaci\u00f3n de lo que realmente sabemos. Actas de la Academia Nacional de Ciencias, 100(24), 13761-13766<\/p>\n<\/div><\/li><li class=\"fusion-li-item\" style=\"\"><span class=\"icon-wrapper circle-yes\">7<\/span><div class=\"fusion-li-item-content\">Andreassi MG, Piccaluga E., Guagliumi G., et al. Occupational health risks in cardiac catheterization laboratory workers. Circ Cardiovasc Interv. 2016;9:e003273.<\/div><\/li><li class=\"fusion-li-item\" style=\"\"><span class=\"icon-wrapper circle-yes\">8<\/span><div class=\"fusion-li-item-content\">\n<p>O&#8217;Sullivan N., Naughton A., McKevitt K., Boyle E., Egan B., Tierney S., Intra-Operative Radiation Safety; Who does what? \u00bfQui\u00e9n sabe qu\u00e9? Departamento de Cirug\u00eda Vascular, Hospital Universitario de Tallaght, Dubl\u00edn 24, Irlanda.<\/p>\n<\/div><\/li><li class=\"fusion-li-item\" style=\"\"><span class=\"icon-wrapper circle-yes\">9<\/span><div class=\"fusion-li-item-content\">Roguin, A., y Nolan, J. (2021). Protecci\u00f3n radiol\u00f3gica en el laboratorio de cateterismo card\u00edaco: buenas pr\u00e1cticas. Coraz\u00f3n, 107(1), 76-82.<\/div><\/li><li class=\"fusion-li-item\" style=\"\"><span class=\"icon-wrapper circle-yes\">10<\/span><div class=\"fusion-li-item-content\">\n<p>Roguin A, Goldstein J, Bar O. Goldstein, J.A, Tumores de cerebro y cuello entre los m\u00e9dicos que realizan procedimientos intervencionistas. Revista americana de cardiolog\u00eda intervencionista; 2013;111:9:P1368-1372<\/p>\n<\/div><\/li><li class=\"fusion-li-item\" style=\"\"><span class=\"icon-wrapper circle-yes\">11<\/span><div class=\"fusion-li-item-content\">\n<p>Roguin A, Goldstein J, Bar O. Brain malignancies and ionising radiation: more cases reported. Euro Intervention 2012;8:169e170.<\/p>\n<\/div><\/li><li class=\"fusion-li-item\" style=\"\"><span class=\"icon-wrapper circle-yes\">12<\/span><div class=\"fusion-li-item-content\">Andreassi, M. G., Cioppa, A., Botto, N., Joksic, G., Manfredi, S., Federici, C., &#8230; &amp; Picano, E. (2005). Da\u00f1o som\u00e1tico del ADN en cardi\u00f3logos intervencionistas: un estudio de casos y controles. The FASEBJournal, 19(8), 998-999.<\/div><\/li><li class=\"fusion-li-item\" style=\"\"><span class=\"icon-wrapper circle-yes\">13<\/span><div class=\"fusion-li-item-content\">El-Sayed, T., Patel, A. S., Cho, J. S., Kelly, J. A., Ludwinski, F. E., Saha, P., &amp; Gill, J. (2017). Da\u00f1os en el ADN inducidos por la radiaci\u00f3n en operadores que realizan reparaciones a\u00f3rticas endovasculares. Circulation, 136(25), 2406-2416.<\/div><\/li><li class=\"fusion-li-item\" style=\"\"><span class=\"icon-wrapper circle-yes\">14<\/span><div class=\"fusion-li-item-content\">B\u00e4renf\u00e4nger, F., Walbersloh, J., El Mouden R., Goerg, F., Block, A., Rohde, S., Clinical evaluation of a novel head protection system for interventional radiologists. European Journal of Radiology 2022:147.<\/div><\/li><li class=\"fusion-li-item\" style=\"\"><span class=\"icon-wrapper circle-yes\">15<\/span><div class=\"fusion-li-item-content\">Larsson M, Apell P, Jonasson P, Lundh C. Evaluation of a novel thyroid collar designed to reduce head and neck radiation exposure during X-ray guided interventions. Presentaci\u00f3n de p\u00f3ster en la reuni\u00f3n LINC, Leipzig, Alemania, 2020.<\/div><\/li><li class=\"fusion-li-item\" style=\"\"><span class=\"icon-wrapper circle-yes\">16<\/span><div class=\"fusion-li-item-content\">Larsson, M.E., Jonasson, P.I., Apell, P.S. et al. Evaluaci\u00f3n de nuevos dispositivos de protecci\u00f3n radiol\u00f3gica durante intervenciones guiadas radiol\u00f3gicamente. CVIR Endovasc 7, 18 (2024)<\/div><\/li><li class=\"fusion-li-item\" style=\"\"><span class=\"icon-wrapper circle-yes\">17<\/span><div class=\"fusion-li-item-content\">\n<p>Texray AB, datos de archivo<\/p>\n<\/div><\/li><li class=\"fusion-li-item\" style=\"\"><span class=\"icon-wrapper circle-yes\">18<\/span><div class=\"fusion-li-item-content\">Larsson M., Jonasson P., Apell. Evaluaci\u00f3n de un nuevo dispositivo personal de protecci\u00f3n contra las radiaciones para la cabeza del operador durante diagn\u00f3sticos e intervenciones con rayos X. Physica Medica, revista europea de f\u00edsica m\u00e9dica, 2018, 52:84.<\/div><\/li><li class=\"fusion-li-item\" style=\"\"><span class=\"icon-wrapper circle-yes\">19<\/span><div class=\"fusion-li-item-content\">Jonsson E., Centro de Tecnolog\u00eda Sanitaria Halland (HCH), Universidad de Halmstad, Suecia. (2017)<\/div><\/li><li class=\"fusion-li-item\" style=\"\"><span class=\"icon-wrapper circle-yes\">20<\/span><div class=\"fusion-li-item-content\">Texray AB, Datos en archivo: (ASTM D6182-00 (2015).<\/div><\/li><li class=\"fusion-li-item\" style=\"\"><span class=\"icon-wrapper circle-yes\">21<\/span><div class=\"fusion-li-item-content\">\n<p>Burns K., Shoag J., Kahlon S., Parsons P., Bijur P., Taragin B., Morri Markowitz M., Lead Aprons Are a Lead Exposure Hazard, J Am Coll Radiol 2016; Colegio Americano de Radiolog\u00eda.<\/p>\n<\/div><\/li><li class=\"fusion-li-item\" style=\"\"><span class=\"icon-wrapper circle-yes\">22<\/span><div class=\"fusion-li-item-content\">\n<p>Bartal G., Ganan A., Van\u00f3 E., S\u00e1nchez R., Phantom Study of a Novel Extended Radiation Protection Thyroid Collar for Interventional Radiologist Presentaci\u00f3n de p\u00f3ster CIRSE 2023<\/p>\n<\/div><\/li><\/ul><\/div><\/div><\/div><\/div><div class=\"fusion-fullwidth fullwidth-box fusion-builder-row-3 fusion-flex-container has-pattern-background has-mask-background hundred-percent-fullwidth non-hundred-percent-height-scrolling\" style=\"--awb-background-position:left top;--awb-border-sizes-top:0px;--awb-border-sizes-bottom:0px;--awb-border-sizes-left:0px;--awb-border-sizes-right:0px;--awb-border-radius-top-left:0px;--awb-border-radius-top-right:0px;--awb-border-radius-bottom-right:0px;--awb-border-radius-bottom-left:0px;--awb-padding-top:0px;--awb-padding-bottom:100px;--awb-padding-left:0px;--awb-padding-top-medium:0px;--awb-padding-bottom-medium:0px;--awb-padding-top-small:0px;--awb-padding-bottom-small:0px;--awb-margin-top:0px;--awb-margin-bottom:0px;--awb-margin-top-medium:0px;--awb-margin-bottom-medium:0px;--awb-margin-bottom-small:0px;--awb-background-color:var(--awb-custom_color_3);--awb-flex-wrap:wrap;\" ><div class=\"fusion-builder-row fusion-row fusion-flex-align-items-stretch fusion-flex-justify-content-center fusion-flex-content-wrap\" style=\"width:calc( 100% + 60px ) !important;max-width:calc( 100% + 60px ) !important;margin-left: calc(-60px \/ 2 );margin-right: calc(-60px \/ 2 );\"><div class=\"fusion-layout-column fusion_builder_column fusion-builder-column-2 fusion_builder_column_1_1 1_1 fusion-flex-column\" style=\"--awb-padding-bottom:356px;--awb-padding-bottom-small:0px;--awb-bg-position:center center;--awb-bg-size:cover;--awb-width-large:100%;--awb-margin-top-large:0px;--awb-spacing-right-large:0px;--awb-margin-bottom-large:0px;--awb-spacing-left-large:30px;--awb-width-medium:100%;--awb-order-medium:0;--awb-spacing-right-medium:0px;--awb-spacing-left-medium:30px;--awb-width-small:100%;--awb-order-small:0;--awb-spacing-right-small:0px;--awb-spacing-left-small:30px;\" data-scroll-devices=\"small-visibility,medium-visibility,large-visibility\"><div class=\"fusion-column-wrapper fusion-column-has-shadow fusion-flex-justify-content-flex-start fusion-content-layout-column\"><\/div><\/div><div class=\"fusion-layout-column fusion_builder_column fusion-builder-column-3 fusion_builder_column_1_1 1_1 fusion-flex-column\" style=\"--awb-padding-top:40px;--awb-padding-right:5%;--awb-padding-left:5%;--awb-bg-size:cover;--awb-width-large:100%;--awb-margin-top-large:0px;--awb-spacing-right-large:30px;--awb-margin-bottom-large:20px;--awb-spacing-left-large:30px;--awb-width-medium:100%;--awb-order-medium:0;--awb-spacing-right-medium:30px;--awb-spacing-left-medium:30px;--awb-width-small:100%;--awb-order-small:0;--awb-spacing-right-small:30px;--awb-spacing-left-small:30px;\" data-scroll-devices=\"small-visibility,medium-visibility,large-visibility\"><div class=\"fusion-column-wrapper fusion-column-has-shadow fusion-flex-justify-content-flex-start fusion-content-layout-column\"><\/div><\/div><\/div><\/div><\/p>\n","protected":false},"excerpt":{"rendered":"","protected":false},"author":1,"featured_media":0,"parent":9120,"menu_order":0,"comment_status":"closed","ping_status":"closed","template":"100-width.php","meta":{"_acf_changed":false,"content-type":"","inline_featured_image":false,"footnotes":""},"class_list":["post-11623","page","type-page","status-publish","hentry"],"acf":[],"_links":{"self":[{"href":"https:\/\/texray.io\/es\/wp-json\/wp\/v2\/pages\/11623","targetHints":{"allow":["GET"]}}],"collection":[{"href":"https:\/\/texray.io\/es\/wp-json\/wp\/v2\/pages"}],"about":[{"href":"https:\/\/texray.io\/es\/wp-json\/wp\/v2\/types\/page"}],"author":[{"embeddable":true,"href":"https:\/\/texray.io\/es\/wp-json\/wp\/v2\/users\/1"}],"replies":[{"embeddable":true,"href":"https:\/\/texray.io\/es\/wp-json\/wp\/v2\/comments?post=11623"}],"version-history":[{"count":20,"href":"https:\/\/texray.io\/es\/wp-json\/wp\/v2\/pages\/11623\/revisions"}],"predecessor-version":[{"id":13297,"href":"https:\/\/texray.io\/es\/wp-json\/wp\/v2\/pages\/11623\/revisions\/13297"}],"up":[{"embeddable":true,"href":"https:\/\/texray.io\/es\/wp-json\/wp\/v2\/pages\/9120"}],"wp:attachment":[{"href":"https:\/\/texray.io\/es\/wp-json\/wp\/v2\/media?parent=11623"}],"curies":[{"name":"wp","href":"https:\/\/api.w.org\/{rel}","templated":true}]}}