{"id":8949,"date":"2024-03-13T10:05:38","date_gmt":"2024-03-13T10:05:38","guid":{"rendered":"https:\/\/texray.io\/datos-cientificos-clinicos\/"},"modified":"2024-05-10T13:34:24","modified_gmt":"2024-05-10T13:34:24","slug":"datos-cientificos-clinicos","status":"publish","type":"page","link":"https:\/\/texray.io\/es\/recursos\/datos-cientificos-clinicos\/","title":{"rendered":"Datos cient\u00edficos cl\u00ednicos"},"content":{"rendered":"<p><div id=\"equipo\" class=\"fusion-container-anchor\"><div class=\"fusion-fullwidth fullwidth-box fusion-builder-row-1 fusion-flex-container has-pattern-background has-mask-background hundred-percent-fullwidth non-hundred-percent-height-scrolling\" style=\"--link_hover_color: var(--awb-color4);--link_color: var(--awb-custom_color_1);--awb-background-position:center top;--awb-border-sizes-top:0px;--awb-border-sizes-bottom:0px;--awb-border-sizes-left:0px;--awb-border-sizes-right:0px;--awb-border-radius-top-left:0px;--awb-border-radius-top-right:0px;--awb-border-radius-bottom-right:0px;--awb-border-radius-bottom-left:0px;--awb-padding-top:0px;--awb-padding-right:0px;--awb-padding-bottom:0px;--awb-padding-left:0px;--awb-padding-top-medium:90px;--awb-padding-bottom-medium:0px;--awb-padding-top-small:90px;--awb-margin-top:0px;--awb-margin-bottom:0px;--awb-margin-bottom-medium:0px;--awb-background-color:var(--awb-custom_color_1);--awb-flex-wrap:wrap;--awb-flex-wrap-medium:wrap;--awb-flex-wrap-small:wrap;\" ><div class=\"fusion-builder-row fusion-row fusion-flex-align-items-stretch fusion-flex-align-content-center fusion-flex-justify-content-center fusion-flex-content-wrap\" style=\"width:calc( 100% + 80px ) !important;max-width:calc( 100% + 80px ) !important;margin-left: calc(-80px \/ 2 );margin-right: calc(-80px \/ 2 );\"><div class=\"fusion-layout-column fusion_builder_column fusion-builder-column-0 fusion_builder_column_1_1 1_1 fusion-flex-column fusion-flex-align-self-center\" style=\"--awb-padding-top-small:35px;--awb-padding-bottom-small:55px;--awb-bg-size:cover;--awb-width-large:100%;--awb-margin-top-large:90px;--awb-spacing-right-large:40px;--awb-margin-bottom-large:90px;--awb-spacing-left-large:40px;--awb-width-medium:100%;--awb-order-medium:0;--awb-spacing-right-medium:40px;--awb-spacing-left-medium:40px;--awb-width-small:100%;--awb-order-small:0;--awb-spacing-right-small:40px;--awb-margin-bottom-small:0px;--awb-spacing-left-small:40px;\" data-scroll-devices=\"small-visibility,medium-visibility,large-visibility\"><div class=\"fusion-column-wrapper fusion-column-has-shadow fusion-flex-justify-content-center fusion-content-layout-column\"><div class=\"fusion-text fusion-text-1\" style=\"--awb-font-size:52px;--awb-text-color:var(--awb-custom_color_5);--awb-text-font-family:&quot;Lato&quot;;--awb-text-font-style:normal;--awb-text-font-weight:700;\"><p style=\"text-align: center;\">ESTUDIO CL\u00cdNICO<\/p>\n<\/div><div class=\"fusion-text fusion-text-2\" style=\"--awb-font-size:16px;--awb-text-color:var(--awb-custom_color_4);--awb-text-font-family:&quot;Lato&quot;;--awb-text-font-style:normal;--awb-text-font-weight:400;\"><p style=\"text-align: center;\">Publicado en el European Journal of Radiology, 2021<\/p>\n<\/div><\/div><\/div><\/div><\/div><\/div><div class=\"fusion-fullwidth fullwidth-box fusion-builder-row-2 fusion-flex-container has-pattern-background has-mask-background nonhundred-percent-fullwidth non-hundred-percent-height-scrolling\" style=\"--link_color: var(--awb-custom_color_1);--awb-border-radius-top-left:0px;--awb-border-radius-top-right:0px;--awb-border-radius-bottom-right:0px;--awb-border-radius-bottom-left:0px;--awb-flex-wrap:wrap;\" ><div class=\"fusion-builder-row fusion-row fusion-flex-align-items-flex-start fusion-flex-content-wrap\" style=\"max-width:1248px;margin-left: calc(-4% \/ 2 );margin-right: calc(-4% \/ 2 );\"><div class=\"fusion-layout-column fusion_builder_column fusion-builder-column-1 fusion_builder_column_1_1 1_1 fusion-flex-column\" style=\"--awb-bg-color:var(--awb-custom_color_3);--awb-bg-color-hover:var(--awb-custom_color_3);--awb-bg-size:cover;--awb-width-large:100%;--awb-margin-top-large:0px;--awb-spacing-right-large:1.92%;--awb-margin-bottom-large:20px;--awb-spacing-left-large:1.92%;--awb-width-medium:100%;--awb-order-medium:0;--awb-spacing-right-medium:1.92%;--awb-spacing-left-medium:1.92%;--awb-width-small:100%;--awb-order-small:0;--awb-spacing-right-small:1.92%;--awb-spacing-left-small:1.92%;\" data-scroll-devices=\"small-visibility,medium-visibility,large-visibility\"><div class=\"fusion-column-wrapper fusion-column-has-shadow fusion-flex-justify-content-flex-start fusion-content-layout-column\"><div class=\"fusion-text fusion-text-3\" style=\"--awb-content-alignment:center;--awb-text-color:var(--awb-custom_color_1);--awb-margin-top:40px;--awb-margin-right:10%;--awb-margin-left:10%;--awb-text-font-family:&quot;Lato&quot;;--awb-text-font-style:normal;--awb-text-font-weight:400;\"><div class=\"span-12\">\n<h3 class=\"section-heading a-left mt2 pb2 animate--text delay--1 px4\" style=\"text-align: left;\">Protecci\u00f3n radiol\u00f3gica del personal mediante una novedosa protecci\u00f3n de dos componentes para cabeza y cuello en radiolog\u00eda intervencionista.<\/h3>\n<\/div>\n<div class=\"span-12 auto a-left px4\">\n<div class=\"pages-content animate--text delay--2\">\n<div class=\"rte\">\n<p style=\"text-align: left;\"><a href=\"https:\/\/www.sciencedirect.com\/science\/article\/abs\/pii\/S0720048X21005957?via%3Dihub\"><strong>B\u00e4renf\u00e4nger, F., Walbersloh, J., El Mouden R., Goerg, F., Block, A., Rohde, S.,<\/strong> Clinical evaluation of a novel head protection system for interventional radiologists. European Journal of Radiology 2022:147.<\/a><\/p>\n<p style=\"text-align: left;\"><strong>M\u00c9TODO<\/strong><\/p>\n<p style=\"text-align: left;\">La dosis de exposici\u00f3n en la zona de la cabeza de los m\u00e9dicos durante los procedimientos de radiolog\u00eda intervencionista se cuantific\u00f3 utilizando detectores de termoluminiscencia calibrados para Hp(3). Adem\u00e1s, se examin\u00f3 el efecto protector de los productos Texray.<\/p>\n<p style=\"text-align: left;\"><strong>RESULTADOS<\/strong><\/p>\n<p style=\"text-align: left;\">El estudio realizado mostr\u00f3 una importante exposici\u00f3n a dosis en la zona de la cabeza, con valores de dosis de hasta 4,4 mSv tras s\u00f3lo 20 ex\u00e1menes. El efecto protector de HeadPeace y MindPeace se determin\u00f3 evaluando la transmisi\u00f3n relativa en funci\u00f3n de la posici\u00f3n del dos\u00edmetro. En las intervenciones neurorradiol\u00f3gicas, la atenuaci\u00f3n media con HeadPeace fue del (90,3 \u00b1 3,6)% y con MindPeace del (96,7 \u00b1 0,5)%. En las intervenciones radiol\u00f3gicas generales, se observ\u00f3 una atenuaci\u00f3n media del (75,5 \u00b1 7,5)% en HeadPeace y del (95,5 \u00b1 0,6)% en MindPeace.<\/p>\n<p style=\"text-align: left;\"><strong>CONCLUSI\u00d3N<\/strong><\/p>\n<p style=\"text-align: left;\">La eficacia de la atenuaci\u00f3n oscil\u00f3 entre el 75,5 y el 96,7% en funci\u00f3n del producto y de la zona operativa. Desde el punto de vista de la seguridad radiol\u00f3gica, se recomienda llevar HeadPeace y MindPeace durante las intervenciones asistidas por fluoroscopia.<\/p>\n<\/div>\n<\/div>\n<\/div>\n<\/div><\/div><\/div><\/div><\/div><div class=\"fusion-fullwidth fullwidth-box fusion-builder-row-3 fusion-flex-container has-pattern-background has-mask-background hundred-percent-fullwidth non-hundred-percent-height-scrolling\" style=\"--awb-background-position:left top;--awb-border-sizes-top:0px;--awb-border-sizes-bottom:0px;--awb-border-sizes-left:0px;--awb-border-sizes-right:0px;--awb-border-radius-top-left:0px;--awb-border-radius-top-right:0px;--awb-border-radius-bottom-right:0px;--awb-border-radius-bottom-left:0px;--awb-padding-top:0px;--awb-padding-bottom:0px;--awb-padding-left:0px;--awb-padding-top-medium:0px;--awb-padding-bottom-medium:0px;--awb-padding-top-small:0px;--awb-padding-bottom-small:0px;--awb-margin-top:0px;--awb-margin-bottom:0px;--awb-margin-top-medium:0px;--awb-margin-bottom-medium:0px;--awb-margin-bottom-small:0px;--awb-background-color:var(--awb-custom_color_1);--awb-flex-wrap:wrap;\" ><div class=\"fusion-builder-row fusion-row fusion-flex-align-items-center fusion-flex-justify-content-center fusion-flex-content-wrap\" style=\"width:calc( 100% + 60px ) !important;max-width:calc( 100% + 60px ) !important;margin-left: calc(-60px \/ 2 );margin-right: calc(-60px \/ 2 );\"><div class=\"fusion-layout-column fusion_builder_column fusion-builder-column-2 fusion_builder_column_2_3 2_3 fusion-flex-column fusion-flex-align-self-center\" style=\"--awb-padding-left:74px;--awb-padding-bottom-small:0px;--awb-bg-color:transparent;--awb-bg-color-hover:transparent;--awb-bg-position:center center;--awb-bg-size:cover;--awb-width-large:66.666666666667%;--awb-margin-top-large:97px;--awb-spacing-right-large:182px;--awb-margin-bottom-large:116px;--awb-spacing-left-large:121px;--awb-width-medium:66.666666666667%;--awb-order-medium:0;--awb-spacing-right-medium:182px;--awb-spacing-left-medium:121px;--awb-width-small:100%;--awb-order-small:0;--awb-spacing-right-small:0px;--awb-spacing-left-small:30px;\" data-scroll-devices=\"small-visibility,medium-visibility,large-visibility\"><div class=\"fusion-column-wrapper fusion-column-has-shadow fusion-flex-justify-content-flex-start fusion-content-layout-block\"><div class=\"fusion-image-element in-legacy-container\" style=\"--awb-caption-title-font-family:var(--h2_typography-font-family);--awb-caption-title-font-weight:var(--h2_typography-font-weight);--awb-caption-title-font-style:var(--h2_typography-font-style);--awb-caption-title-size:var(--h2_typography-font-size);--awb-caption-title-transform:var(--h2_typography-text-transform);--awb-caption-title-line-height:var(--h2_typography-line-height);--awb-caption-title-letter-spacing:var(--h2_typography-letter-spacing);\"><span class=\" fusion-imageframe imageframe-none imageframe-1 hover-type-none\"><img decoding=\"async\" width=\"930\" height=\"1024\" title=\"Rityta 6\" src=\"https:\/\/texray.io\/wp-content\/uploads\/2024\/05\/Rityta-6-e1715346696716.png\" data-orig-src=\"https:\/\/texray.io\/wp-content\/uploads\/2024\/05\/Rityta-6-930x1024.png\" alt class=\"lazyload img-responsive wp-image-15105\" srcset=\"data:image\/svg+xml,%3Csvg%20xmlns%3D%27http%3A%2F%2Fwww.w3.org%2F2000%2Fsvg%27%20width%3D%272521%27%20height%3D%272775%27%20viewBox%3D%270%200%202521%202775%27%3E%3Crect%20width%3D%272521%27%20height%3D%272775%27%20fill-opacity%3D%220%22%2F%3E%3C%2Fsvg%3E\" data-srcset=\"https:\/\/texray.io\/wp-content\/uploads\/2024\/05\/Rityta-6-200x220.png 200w, https:\/\/texray.io\/wp-content\/uploads\/2024\/05\/Rityta-6-400x440.png 400w, https:\/\/texray.io\/wp-content\/uploads\/2024\/05\/Rityta-6-600x660.png 600w, https:\/\/texray.io\/wp-content\/uploads\/2024\/05\/Rityta-6-800x881.png 800w, https:\/\/texray.io\/wp-content\/uploads\/2024\/05\/Rityta-6-1200x1321.png 1200w\" data-sizes=\"auto\" data-orig-sizes=\"(max-width: 700px) 100vw, 600px\" \/><\/span><\/div><\/div><\/div><div class=\"fusion-layout-column fusion_builder_column fusion-builder-column-3 fusion_builder_column_1_3 1_3 fusion-flex-column\" style=\"--awb-padding-right:2%;--awb-padding-left:2%;--awb-bg-size:cover;--awb-width-large:33.333333333333%;--awb-margin-top-large:30px;--awb-spacing-right-large:30px;--awb-margin-bottom-large:20px;--awb-spacing-left-large:30px;--awb-width-medium:33.333333333333%;--awb-order-medium:0;--awb-spacing-right-medium:30px;--awb-spacing-left-medium:30px;--awb-width-small:100%;--awb-order-small:0;--awb-spacing-right-small:0px;--awb-spacing-left-small:30px;\" data-scroll-devices=\"small-visibility,medium-visibility,large-visibility\"><div class=\"fusion-column-wrapper fusion-column-has-shadow fusion-flex-justify-content-center fusion-content-layout-column\"><div class=\"fusion-builder-row fusion-builder-row-inner fusion-row fusion-flex-align-items-center fusion-flex-justify-content-center fusion-flex-content-wrap\" style=\"width:calc( 100% + 60px ) !important;max-width:calc( 100% + 60px ) !important;margin-left: calc(-60px \/ 2 );margin-right: calc(-60px \/ 2 );\"><div class=\"fusion-layout-column fusion_builder_column_inner fusion-builder-nested-column-0 fusion_builder_column_inner_1_1 1_1 fusion-flex-column fusion-flex-align-self-center\" style=\"--awb-padding-right:2%;--awb-padding-left:2%;--awb-padding-right-medium:2%;--awb-padding-left-medium:2%;--awb-padding-right-small:2%;--awb-padding-left-small:2%;--awb-bg-size:cover;--awb-width-large:100%;--awb-margin-top-large:0px;--awb-spacing-right-large:30px;--awb-margin-bottom-large:20px;--awb-spacing-left-large:30px;--awb-width-medium:100%;--awb-order-medium:0;--awb-spacing-right-medium:30px;--awb-spacing-left-medium:30px;--awb-width-small:100%;--awb-order-small:0;--awb-spacing-right-small:30px;--awb-spacing-left-small:30px;\" data-scroll-devices=\"small-visibility,medium-visibility,large-visibility\"><div class=\"fusion-column-wrapper fusion-column-has-shadow fusion-flex-justify-content-space-around fusion-content-layout-column\"><div class=\"fusion-text fusion-text-4\" style=\"--awb-content-alignment:center;--awb-font-size:28px;--awb-text-transform:uppercase;--awb-text-color:var(--awb-custom_color_4);--awb-text-font-family:&quot;Lato&quot;;--awb-text-font-style:normal;--awb-text-font-weight:700;\"><p style=\"text-align: left;\">Leer el art\u00edculo<\/p>\n<\/div><div class=\"fusion-text fusion-text-5\" style=\"--awb-content-alignment:center;--awb-font-size:16px;--awb-text-color:var(--awb-custom_color_3);--awb-text-font-family:&quot;Lato&quot;;--awb-text-font-style:normal;--awb-text-font-weight:400;\"><p style=\"text-align: left;\">Para leer el art\u00edculo completo, consulte la revista European Journal of Radiology \/ELSEVIER.<\/p>\n<\/div><div style=\"text-align:left;\"><a class=\"fusion-button button-flat button-medium button-custom fusion-button-default button-1 fusion-button-default-span fusion-button-default-type\" style=\"--button_accent_color:var(--awb-custom_color_4);--button_border_color:var(--awb-custom_color_4);--button_accent_hover_color:var(--awb-custom_color_4);--button_border_hover_color:var(--awb-custom_color_4);--button_border_width-top:1px;--button_border_width-right:1px;--button_border_width-bottom:1px;--button_border_width-left:1px;--button-border-radius-top-left:1px;--button-border-radius-top-right:1px;--button-border-radius-bottom-right:1px;--button-border-radius-bottom-left:1px;--button_gradient_end:0%;--button_gradient_top_color:transparent;--button_gradient_bottom_color:transparent;--button_gradient_top_color_hover:transparent;--button_gradient_bottom_color_hover:transparent;--button_text_transform:uppercase;--button_typography-font-family:&quot;Lato&quot;;--button_typography-font-style:normal;--button_typography-font-weight:400;\" target=\"_self\" data-hover=\"underline\" href=\"https:\/\/www.sciencedirect.com\/science\/article\/abs\/pii\/S0720048X21005957?via%3Dihub\"><span class=\"fusion-button-text\">IR AL RESUMEN<\/span><\/a><\/div><\/div><\/div><\/div><\/div><\/div><\/div><\/div><\/p>\n","protected":false},"excerpt":{"rendered":"","protected":false},"author":1,"featured_media":0,"parent":9120,"menu_order":0,"comment_status":"closed","ping_status":"closed","template":"100-width.php","meta":{"_acf_changed":false,"content-type":"","inline_featured_image":false,"footnotes":""},"class_list":["post-8949","page","type-page","status-publish","hentry"],"acf":[],"_links":{"self":[{"href":"https:\/\/texray.io\/es\/wp-json\/wp\/v2\/pages\/8949","targetHints":{"allow":["GET"]}}],"collection":[{"href":"https:\/\/texray.io\/es\/wp-json\/wp\/v2\/pages"}],"about":[{"href":"https:\/\/texray.io\/es\/wp-json\/wp\/v2\/types\/page"}],"author":[{"embeddable":true,"href":"https:\/\/texray.io\/es\/wp-json\/wp\/v2\/users\/1"}],"replies":[{"embeddable":true,"href":"https:\/\/texray.io\/es\/wp-json\/wp\/v2\/comments?post=8949"}],"version-history":[{"count":57,"href":"https:\/\/texray.io\/es\/wp-json\/wp\/v2\/pages\/8949\/revisions"}],"predecessor-version":[{"id":15227,"href":"https:\/\/texray.io\/es\/wp-json\/wp\/v2\/pages\/8949\/revisions\/15227"}],"up":[{"embeddable":true,"href":"https:\/\/texray.io\/es\/wp-json\/wp\/v2\/pages\/9120"}],"wp:attachment":[{"href":"https:\/\/texray.io\/es\/wp-json\/wp\/v2\/media?parent=8949"}],"curies":[{"name":"wp","href":"https:\/\/api.w.org\/{rel}","templated":true}]}}