{"id":8950,"date":"2024-03-17T15:37:05","date_gmt":"2024-03-17T15:37:05","guid":{"rendered":"https:\/\/texray.io\/proteccion-radiologica\/"},"modified":"2024-03-27T22:26:46","modified_gmt":"2024-03-27T22:26:46","slug":"proteccion-radiologica","status":"publish","type":"page","link":"https:\/\/texray.io\/es\/recursos\/proteccion-radiologica\/","title":{"rendered":"Seguridad radiol\u00f3gica"},"content":{"rendered":"<p><div class=\"fusion-fullwidth fullwidth-box fusion-builder-row-1 fusion-flex-container video-background has-pattern-background has-mask-background nonhundred-percent-fullwidth non-hundred-percent-height-scrolling\" style=\"--awb-border-radius-top-left:0px;--awb-border-radius-top-right:0px;--awb-border-radius-bottom-right:0px;--awb-border-radius-bottom-left:0px;--awb-padding-top:70px;--awb-padding-right:97px;--awb-padding-bottom:0px;--awb-margin-bottom:0px;--awb-background-color:var(--awb-custom_color_1);--awb-background-size:contain;--awb-flex-wrap:wrap;\" ><div class=\"fullwidth-video\"><video preload=\"auto\" autoplay playsinline loop muted><source src=\"https:\/\/texray.io\/wp-content\/uploads\/2024\/03\/0cf4c0399f024a9780844ee9686bfece.mp4\" type=\"video\/mp4\"><\/video><\/div><div class=\"fusion-builder-row fusion-row fusion-flex-align-items-flex-start fusion-flex-justify-content-center fusion-flex-content-wrap\" style=\"max-width:1248px;margin-left: calc(-4% \/ 2 );margin-right: calc(-4% \/ 2 );\"><div class=\"fusion-layout-column fusion_builder_column fusion-builder-column-0 fusion_builder_column_1_1 1_1 fusion-flex-column fusion-flex-align-self-center\" style=\"--awb-padding-top:0%;--awb-padding-bottom:14%;--awb-bg-size:cover;--awb-width-large:100%;--awb-margin-top-large:0px;--awb-spacing-right-large:1.92%;--awb-margin-bottom-large:0px;--awb-spacing-left-large:1.92%;--awb-width-medium:100%;--awb-order-medium:0;--awb-spacing-right-medium:1.92%;--awb-spacing-left-medium:1.92%;--awb-width-small:100%;--awb-order-small:0;--awb-spacing-right-small:1.92%;--awb-spacing-left-small:1.92%;\" data-scroll-devices=\"small-visibility,medium-visibility,large-visibility\"><div class=\"fusion-column-wrapper fusion-column-has-shadow fusion-flex-justify-content-center fusion-content-layout-column\"><div class=\"fusion-text fusion-text-1\" style=\"--awb-content-alignment:left;--awb-font-size:40px;--awb-text-color:var(--awb-color1);--awb-margin-right:80px;--awb-margin-left:165px;--awb-text-font-family:&quot;Lato&quot;;--awb-text-font-style:normal;--awb-text-font-weight:700;\"><p><span style=\"color: #11437b;\">PIENSE CON ANTELACI\u00d3N.<br \/>\nSEGURIDAD ANTE TODO<\/span><\/p>\n<\/div><\/div><\/div><\/div><\/div><div class=\"fusion-fullwidth fullwidth-box fusion-builder-row-2 fusion-flex-container has-pattern-background has-mask-background nonhundred-percent-fullwidth non-hundred-percent-height-scrolling\" style=\"--link_color: var(--awb-custom_color_1);--awb-border-radius-top-left:0px;--awb-border-radius-top-right:0px;--awb-border-radius-bottom-right:0px;--awb-border-radius-bottom-left:0px;--awb-background-color:var(--awb-custom_color_3);--awb-flex-wrap:wrap;\" ><div class=\"fusion-builder-row fusion-row fusion-flex-align-items-flex-start fusion-flex-content-wrap\" style=\"max-width:1248px;margin-left: calc(-4% \/ 2 );margin-right: calc(-4% \/ 2 );\"><div class=\"fusion-layout-column fusion_builder_column fusion-builder-column-1 fusion_builder_column_1_1 1_1 fusion-flex-column fusion-flex-align-self-center\" style=\"--awb-padding-top:57px;--awb-padding-right:20%;--awb-padding-left:20%;--awb-bg-size:cover;--awb-width-large:100%;--awb-margin-top-large:0px;--awb-spacing-right-large:1.92%;--awb-margin-bottom-large:54px;--awb-spacing-left-large:1.92%;--awb-width-medium:100%;--awb-order-medium:0;--awb-spacing-right-medium:1.92%;--awb-spacing-left-medium:1.92%;--awb-width-small:100%;--awb-order-small:0;--awb-spacing-right-small:1.92%;--awb-spacing-left-small:1.92%;\" data-scroll-devices=\"small-visibility,medium-visibility,large-visibility\"><div class=\"fusion-column-wrapper fusion-column-has-shadow fusion-flex-justify-content-flex-start fusion-content-layout-column\"><div class=\"fusion-text fusion-text-2\" style=\"--awb-content-alignment:left;--awb-text-color:var(--awb-custom_color_1);--awb-text-font-family:&quot;Lato&quot;;--awb-text-font-style:normal;--awb-text-font-weight:400;\"><h4><strong>\u00bfEXISTE UN PUNTO DE CORTE PARA LAS ENFERMEDADES POTENCIALMENTE INDUCIDAS POR LA RADIACI\u00d3N?<\/strong><\/h4>\n<p>Est\u00e1 bien establecido que durante las intervenciones asistidas por fluoroscopia, en funci\u00f3n de factores como la obesidad del paciente, la complejidad del procedimiento y el tiempo de fluoroscopia, los profesionales m\u00e9dicos est\u00e1n sometidos a una exposici\u00f3n a la radiaci\u00f3n relativamente elevada\u00b2.<a href=\"https:\/\/texray.io\/es\/recursos\/referencias\/\">\u00b3\u2219<\/a><a href=\"https:\/\/texray.io\/es\/recursos\/referencias\/\">\u2074\u2219<\/a><a href=\"https:\/\/texray.io\/es\/recursos\/referencias\/\">\u2075\u2219<\/a><a href=\"https:\/\/texray.io\/es\/recursos\/referencias\/\">\u2076\u2219<\/a><a href=\"https:\/\/texray.io\/es\/recursos\/referencias\/\">\u2077<\/a><\/p>\n<p>Resulta alarmante que m\u00e1s del 50% del personal de quir\u00f3fano no se sienta adecuadamente protegido de la radiaci\u00f3n en el quir\u00f3fano.<a href=\"https:\/\/texray.io\/es\/recursos\/referencias\/\">\u2078<\/a> Sin embargo, el riesgo de desarrollar enfermedades inducidas por la radiaci\u00f3n sigue siendo un debate en curso entre los expertos.<a href=\"https:\/\/texray.io\/es\/recursos\/referencias\/\">\u2079<\/a><\/p>\n<\/div><\/div><\/div><\/div><\/div><div class=\"fusion-fullwidth fullwidth-box fusion-builder-row-3 fusion-flex-container has-pattern-background has-mask-background nonhundred-percent-fullwidth non-hundred-percent-height-scrolling\" style=\"--link_color: var(--awb-custom_color_1);--awb-border-radius-top-left:0px;--awb-border-radius-top-right:0px;--awb-border-radius-bottom-right:0px;--awb-border-radius-bottom-left:0px;--awb-background-color:var(--awb-custom_color_2);--awb-flex-wrap:wrap;\" ><div class=\"fusion-builder-row fusion-row fusion-flex-align-items-flex-start fusion-flex-content-wrap\" style=\"max-width:1248px;margin-left: calc(-4% \/ 2 );margin-right: calc(-4% \/ 2 );\"><div class=\"fusion-layout-column fusion_builder_column fusion-builder-column-2 fusion_builder_column_1_1 1_1 fusion-flex-column fusion-flex-align-self-center\" style=\"--awb-padding-top:57px;--awb-padding-right:20%;--awb-padding-left:20%;--awb-bg-size:cover;--awb-width-large:100%;--awb-margin-top-large:0px;--awb-spacing-right-large:1.92%;--awb-margin-bottom-large:54px;--awb-spacing-left-large:1.92%;--awb-width-medium:100%;--awb-order-medium:0;--awb-spacing-right-medium:1.92%;--awb-spacing-left-medium:1.92%;--awb-width-small:100%;--awb-order-small:0;--awb-spacing-right-small:1.92%;--awb-spacing-left-small:1.92%;\" data-scroll-devices=\"small-visibility,medium-visibility,large-visibility\"><div class=\"fusion-column-wrapper fusion-column-has-shadow fusion-flex-justify-content-flex-start fusion-content-layout-column\"><div class=\"fusion-text fusion-text-3\" style=\"--awb-content-alignment:center;--awb-font-size:16px;--awb-text-color:var(--awb-custom_color_1);--awb-text-font-family:&quot;Lato&quot;;--awb-text-font-style:normal;--awb-text-font-weight:700;\"><p style=\"text-align: left;\"><strong>RIESGOS LABORALES PARA LA SALUD QUE PUEDEN ESTAR RELACIONADOS CON LA EXPOSICI\u00d3N A LAS RADIACIONES:<\/strong><\/p>\n<\/div><ul style=\"--awb-iconcolor:var(--awb-custom_color_2);--awb-textcolor:var(--awb-custom_color_1);--awb-line-height:27.2px;--awb-icon-width:27.2px;--awb-icon-height:27.2px;--awb-icon-margin:11.2px;--awb-content-margin:38.4px;--awb-circlecolor:var(--awb-custom_color_1);--awb-circle-yes-font-size:14.08px;\" class=\"fusion-checklist fusion-checklist-1 fusion-checklist-default type-icons\"><li class=\"fusion-li-item\" style=\"\"><span class=\"icon-wrapper circle-yes\"><i class=\"fusion-li-icon awb-icon-check\" aria-hidden=\"true\"><\/i><\/span><div class=\"fusion-li-item-content\">\n<p><a href=\"https:\/\/texray.io\/es\/recursos\/referencias\/\">ansiedad\/depresi\u00f3n\u2077<\/a><\/p>\n<\/div><\/li><li class=\"fusion-li-item\" style=\"\"><span class=\"icon-wrapper circle-yes\"><i class=\"fusion-li-icon awb-icon-check\" aria-hidden=\"true\"><\/i><\/span><div class=\"fusion-li-item-content\">\n<p>tumores\/c\u00e1ncer <a href=\"https:\/\/texray.io\/es\/recursos\/referencias\/\">\u00b9\u2070<\/a><\/p>\n<\/div><\/li><li class=\"fusion-li-item\" style=\"\"><span class=\"icon-wrapper circle-yes\"><i class=\"fusion-li-icon awb-icon-check\" aria-hidden=\"true\"><\/i><\/span><div class=\"fusion-li-item-content\">\n<p>trastornos cognitivos <a href=\"https:\/\/texray.io\/es\/recursos\/referencias\/\">\u00b9\u00b2\u2219\u00b9\u00b3<\/a><\/p>\n<\/div><\/li><\/ul><div class=\"fusion-text fusion-text-4\" style=\"--awb-content-alignment:center;--awb-font-size:16px;--awb-text-color:var(--awb-custom_color_1);--awb-margin-top:40px;--awb-text-font-family:&quot;Lato&quot;;--awb-text-font-style:normal;--awb-text-font-weight:700;\"><p style=\"text-align: left;\">INFORMARON DE PROBLEMAS ERGON\u00d3MICOS:<\/p>\n<\/div><ul style=\"--awb-iconcolor:var(--awb-custom_color_2);--awb-textcolor:var(--awb-custom_color_1);--awb-line-height:27.2px;--awb-icon-width:27.2px;--awb-icon-height:27.2px;--awb-icon-margin:11.2px;--awb-content-margin:38.4px;--awb-circlecolor:var(--awb-custom_color_1);--awb-circle-yes-font-size:14.08px;\" class=\"fusion-checklist fusion-checklist-2 fusion-checklist-default type-icons\"><li class=\"fusion-li-item\" style=\"\"><span class=\"icon-wrapper circle-yes\"><i class=\"fusion-li-icon awb-icon-check\" aria-hidden=\"true\"><\/i><\/span><div class=\"fusion-li-item-content\">\n<p>dolor de espalda\/cuello por utilizar dispositivos de protecci\u00f3n contra las radiaciones pesados e inc\u00f3modos<a href=\"https:\/\/texray.io\/es\/recursos\/referencias\/\">.\u00b9<\/a><\/p>\n<\/div><\/li><\/ul><\/div><\/div><\/div><\/div><div class=\"fusion-fullwidth fullwidth-box fusion-builder-row-4 fusion-flex-container has-pattern-background has-mask-background hundred-percent-fullwidth non-hundred-percent-height-scrolling\" style=\"--awb-background-position:left top;--awb-border-sizes-top:0px;--awb-border-sizes-bottom:0px;--awb-border-sizes-left:0px;--awb-border-sizes-right:0px;--awb-border-radius-top-left:0px;--awb-border-radius-top-right:0px;--awb-border-radius-bottom-right:0px;--awb-border-radius-bottom-left:0px;--awb-padding-top:30px;--awb-padding-bottom:30px;--awb-padding-left:0px;--awb-padding-top-medium:0px;--awb-padding-bottom-medium:0px;--awb-padding-top-small:0px;--awb-padding-bottom-small:0px;--awb-margin-top-medium:0px;--awb-margin-bottom-medium:0px;--awb-margin-bottom-small:0px;--awb-background-color:var(--awb-custom_color_1);--awb-flex-wrap:wrap;\" ><div class=\"fusion-builder-row fusion-row fusion-flex-align-items-stretch fusion-flex-justify-content-center fusion-flex-content-wrap\" style=\"width:calc( 100% + 60px ) !important;max-width:calc( 100% + 60px ) !important;margin-left: calc(-60px \/ 2 );margin-right: calc(-60px \/ 2 );\"><div class=\"fusion-layout-column fusion_builder_column fusion-builder-column-3 fusion_builder_column_1_2 1_2 fusion-flex-column\" style=\"--awb-padding-bottom-small:0px;--awb-bg-position:center top;--awb-bg-size:contain;--awb-width-large:50%;--awb-margin-top-large:0px;--awb-spacing-right-large:0px;--awb-margin-bottom-large:0px;--awb-spacing-left-large:30px;--awb-width-medium:50%;--awb-order-medium:0;--awb-spacing-right-medium:0px;--awb-spacing-left-medium:30px;--awb-width-small:100%;--awb-order-small:0;--awb-spacing-right-small:0px;--awb-spacing-left-small:30px;\" data-scroll-devices=\"small-visibility,medium-visibility,large-visibility\"><div class=\"fusion-column-wrapper fusion-column-has-shadow fusion-flex-justify-content-flex-start fusion-content-layout-column\"><div class=\"fusion-image-element \" style=\"text-align:center;--awb-caption-title-font-family:var(--h2_typography-font-family);--awb-caption-title-font-weight:var(--h2_typography-font-weight);--awb-caption-title-font-style:var(--h2_typography-font-style);--awb-caption-title-size:var(--h2_typography-font-size);--awb-caption-title-transform:var(--h2_typography-text-transform);--awb-caption-title-line-height:var(--h2_typography-line-height);--awb-caption-title-letter-spacing:var(--h2_typography-letter-spacing);\"><span class=\" fusion-imageframe imageframe-none imageframe-1 hover-type-zoomin\"><img decoding=\"async\" width=\"600\" height=\"480\" title=\"diagram-larg\" src=\"https:\/\/texray.io\/wp-content\/uploads\/2024\/03\/diagram-larg.png\" data-orig-src=\"https:\/\/texray.io\/wp-content\/uploads\/2024\/03\/diagram-larg-600x480.png\" alt class=\"lazyload img-responsive wp-image-13398\" srcset=\"data:image\/svg+xml,%3Csvg%20xmlns%3D%27http%3A%2F%2Fwww.w3.org%2F2000%2Fsvg%27%20width%3D%274167%27%20height%3D%273334%27%20viewBox%3D%270%200%204167%203334%27%3E%3Crect%20width%3D%274167%27%20height%3D%273334%27%20fill-opacity%3D%220%22%2F%3E%3C%2Fsvg%3E\" data-srcset=\"https:\/\/texray.io\/wp-content\/uploads\/2024\/03\/diagram-larg-200x160.png 200w, https:\/\/texray.io\/wp-content\/uploads\/2024\/03\/diagram-larg-400x320.png 400w, https:\/\/texray.io\/wp-content\/uploads\/2024\/03\/diagram-larg-600x480.png 600w, https:\/\/texray.io\/wp-content\/uploads\/2024\/03\/diagram-larg-800x640.png 800w, https:\/\/texray.io\/wp-content\/uploads\/2024\/03\/diagram-larg-1200x960.png 1200w\" data-sizes=\"auto\" data-orig-sizes=\"(max-width: 700px) 100vw, 600px\" \/><\/span><\/div><\/div><\/div><div class=\"fusion-layout-column fusion_builder_column fusion-builder-column-4 fusion_builder_column_1_2 1_2 fusion-flex-column fusion-flex-align-self-center\" style=\"--awb-padding-right:4%;--awb-padding-left:0%;--awb-bg-size:cover;--awb-width-large:50%;--awb-margin-top-large:80px;--awb-spacing-right-large:82px;--awb-margin-bottom-large:77px;--awb-spacing-left-large:30px;--awb-width-medium:50%;--awb-order-medium:0;--awb-spacing-right-medium:82px;--awb-spacing-left-medium:30px;--awb-width-small:100%;--awb-order-small:0;--awb-spacing-right-small:0px;--awb-spacing-left-small:30px;\" data-scroll-devices=\"small-visibility,medium-visibility,large-visibility\"><div class=\"fusion-column-wrapper fusion-column-has-shadow fusion-flex-justify-content-center fusion-content-layout-column\"><div class=\"fusion-builder-row fusion-builder-row-inner fusion-row fusion-flex-align-items-stretch fusion-flex-justify-content-center fusion-flex-content-wrap\" style=\"width:calc( 100% + 60px ) !important;max-width:calc( 100% + 60px ) !important;margin-left: calc(-60px \/ 2 );margin-right: calc(-60px \/ 2 );\"><div class=\"fusion-layout-column fusion_builder_column_inner fusion-builder-nested-column-0 fusion_builder_column_inner_1_1 1_1 fusion-flex-column fusion-flex-align-self-center\" style=\"--awb-padding-left:10%;--awb-padding-right-medium:2%;--awb-padding-left-medium:2%;--awb-padding-right-small:2%;--awb-padding-left-small:2%;--awb-bg-size:cover;--awb-width-large:100%;--awb-margin-top-large:0px;--awb-spacing-right-large:30px;--awb-margin-bottom-large:0px;--awb-spacing-left-large:30px;--awb-width-medium:100%;--awb-order-medium:0;--awb-spacing-right-medium:30px;--awb-spacing-left-medium:30px;--awb-width-small:100%;--awb-order-small:0;--awb-spacing-right-small:30px;--awb-spacing-left-small:30px;\" data-scroll-devices=\"small-visibility,medium-visibility,large-visibility\"><div class=\"fusion-column-wrapper fusion-column-has-shadow fusion-flex-justify-content-space-around fusion-content-layout-column\"><div class=\"fusion-text fusion-text-5\" style=\"--awb-content-alignment:center;--awb-font-size:15px;--awb-text-color:var(--awb-custom_color_4);--awb-text-font-family:&quot;Lato&quot;;--awb-text-font-style:normal;--awb-text-font-weight:400;\"><p style=\"text-align: left;\">Un estudio sobre los tumores cerebrales aparecidos en m\u00e9dicos con exposici\u00f3n a radiaciones ionizantes document\u00f3 un 85% de malignidad en el lado izquierdo.<\/p>\n<\/div><div class=\"fusion-text fusion-text-6\" style=\"--awb-content-alignment:center;--awb-font-size:15px;--awb-text-color:var(--awb-custom_color_4);--awb-text-font-family:&quot;Lato&quot;;--awb-text-font-style:normal;--awb-text-font-weight:400;\"><p style=\"text-align: left;\">Datos disponibles para 35 de 45 casos en el lado del cerebro afectado. La neoplasia era de localizaci\u00f3n izquierda en 30 (85%), de localizaci\u00f3n media en uno y de localizaci\u00f3n derecha en cuatro casos. Esta acumulaci\u00f3n de tumores del lado izquierdo frente al derecho podr\u00eda deberse a la posici\u00f3n de trabajo rutinaria del operador, en la que el lado izquierdo de la cabeza es el m\u00e1s cercano a la radiaci\u00f3n dispersa procedente del paciente<a href=\"https:\/\/texray.io\/es\/recursos\/referencias\/\">.<\/a><a href=\"https:\/\/texray.io\/es\/recursos\/referencias\/\">\u00b9\u2070\u2219\u00b9\u00b9<\/a><\/p>\n<\/div><\/div><\/div><\/div><\/div><\/div><\/div><\/div><\/p>\n","protected":false},"excerpt":{"rendered":"","protected":false},"author":1,"featured_media":0,"parent":9120,"menu_order":0,"comment_status":"closed","ping_status":"closed","template":"100-width.php","meta":{"_acf_changed":false,"content-type":"","inline_featured_image":false,"footnotes":""},"class_list":["post-8950","page","type-page","status-publish","hentry"],"acf":[],"_links":{"self":[{"href":"https:\/\/texray.io\/es\/wp-json\/wp\/v2\/pages\/8950","targetHints":{"allow":["GET"]}}],"collection":[{"href":"https:\/\/texray.io\/es\/wp-json\/wp\/v2\/pages"}],"about":[{"href":"https:\/\/texray.io\/es\/wp-json\/wp\/v2\/types\/page"}],"author":[{"embeddable":true,"href":"https:\/\/texray.io\/es\/wp-json\/wp\/v2\/users\/1"}],"replies":[{"embeddable":true,"href":"https:\/\/texray.io\/es\/wp-json\/wp\/v2\/comments?post=8950"}],"version-history":[{"count":39,"href":"https:\/\/texray.io\/es\/wp-json\/wp\/v2\/pages\/8950\/revisions"}],"predecessor-version":[{"id":13512,"href":"https:\/\/texray.io\/es\/wp-json\/wp\/v2\/pages\/8950\/revisions\/13512"}],"up":[{"embeddable":true,"href":"https:\/\/texray.io\/es\/wp-json\/wp\/v2\/pages\/9120"}],"wp:attachment":[{"href":"https:\/\/texray.io\/es\/wp-json\/wp\/v2\/media?parent=8950"}],"curies":[{"name":"wp","href":"https:\/\/api.w.org\/{rel}","templated":true}]}}