{"id":9229,"date":"2024-03-21T14:10:25","date_gmt":"2024-03-21T14:10:25","guid":{"rendered":"https:\/\/texray.io\/clausula-de-exencion-de-responsabilidad-de-los-productos-texray\/"},"modified":"2024-03-26T14:36:58","modified_gmt":"2024-03-26T14:36:58","slug":"clausula-de-exencion-de-responsabilidad-de-los-productos-texray","status":"publish","type":"page","link":"https:\/\/texray.io\/es\/clausula-de-exencion-de-responsabilidad-de-los-productos-texray\/","title":{"rendered":"Cl\u00e1usula de exenci\u00f3n de responsabilidad de los productos Texray"},"content":{"rendered":"<p><div id=\"equipo\" class=\"fusion-container-anchor\"><div class=\"fusion-fullwidth fullwidth-box fusion-builder-row-1 fusion-flex-container has-pattern-background has-mask-background hundred-percent-fullwidth non-hundred-percent-height-scrolling\" style=\"--link_hover_color: var(--awb-color4);--link_color: var(--awb-custom_color_1);--awb-background-blend-mode:overlay;--awb-border-sizes-top:0px;--awb-border-sizes-bottom:0px;--awb-border-sizes-left:0px;--awb-border-sizes-right:0px;--awb-border-radius-top-left:0px;--awb-border-radius-top-right:0px;--awb-border-radius-bottom-right:0px;--awb-border-radius-bottom-left:0px;--awb-padding-top:0px;--awb-padding-right:0px;--awb-padding-bottom:0px;--awb-padding-left:0px;--awb-padding-top-medium:90px;--awb-padding-bottom-medium:0px;--awb-padding-top-small:90px;--awb-margin-top:0px;--awb-margin-bottom:0px;--awb-margin-bottom-medium:0px;--awb-background-color:var(--awb-custom_color_1);--awb-background-size:contain;--awb-flex-wrap:wrap;--awb-flex-wrap-medium:wrap;--awb-flex-wrap-small:wrap;\" ><div class=\"fusion-builder-row fusion-row fusion-flex-align-items-stretch fusion-flex-align-content-center fusion-flex-justify-content-center fusion-flex-content-wrap\" style=\"width:calc( 100% + 80px ) !important;max-width:calc( 100% + 80px ) !important;margin-left: calc(-80px \/ 2 );margin-right: calc(-80px \/ 2 );\"><div class=\"fusion-layout-column fusion_builder_column fusion-builder-column-0 fusion_builder_column_1_1 1_1 fusion-flex-column fusion-flex-align-self-center\" style=\"--awb-padding-top-small:35px;--awb-padding-bottom-small:55px;--awb-bg-color:transparent;--awb-bg-color-hover:transparent;--awb-bg-size:cover;--awb-width-large:100%;--awb-margin-top-large:90px;--awb-spacing-right-large:40px;--awb-margin-bottom-large:90px;--awb-spacing-left-large:40px;--awb-width-medium:100%;--awb-order-medium:0;--awb-spacing-right-medium:40px;--awb-spacing-left-medium:40px;--awb-width-small:100%;--awb-order-small:0;--awb-spacing-right-small:40px;--awb-margin-bottom-small:0px;--awb-spacing-left-small:40px;\" data-scroll-devices=\"small-visibility,medium-visibility,large-visibility\"><div class=\"fusion-column-wrapper fusion-column-has-shadow fusion-flex-justify-content-center fusion-content-layout-column\"><div class=\"fusion-text fusion-text-1\" style=\"--awb-font-size:52px;--awb-text-color:var(--awb-custom_color_4);--awb-text-font-family:&quot;Lato&quot;;--awb-text-font-style:normal;--awb-text-font-weight:700;\"><h2 style=\"text-align: center;\"><span style=\"color: #4dc2f2;\">DESCARGO DE RESPONSABILIDAD SOBRE EL PRODUCTO<\/span><\/h2>\n<\/div><\/div><\/div><\/div><\/div><\/div><div class=\"fusion-fullwidth fullwidth-box fusion-builder-row-2 fusion-flex-container has-pattern-background has-mask-background nonhundred-percent-fullwidth non-hundred-percent-height-scrolling\" style=\"--link_color: var(--awb-custom_color_1);--awb-border-radius-top-left:0px;--awb-border-radius-top-right:0px;--awb-border-radius-bottom-right:0px;--awb-border-radius-bottom-left:0px;--awb-background-color:var(--awb-custom_color_3);--awb-flex-wrap:wrap;\" ><div class=\"fusion-builder-row fusion-row fusion-flex-align-items-flex-start fusion-flex-content-wrap\" style=\"max-width:1248px;margin-left: calc(-4% \/ 2 );margin-right: calc(-4% \/ 2 );\"><div class=\"fusion-layout-column fusion_builder_column fusion-builder-column-1 fusion_builder_column_1_1 1_1 fusion-flex-column fusion-column-inner-bg-wrapper\" style=\"--awb-padding-right:10%;--awb-padding-left:10%;--awb-inner-bg-color:transparent;--awb-inner-bg-color-hover:transparent;--awb-inner-bg-size:cover;--awb-width-large:100%;--awb-margin-top-large:0px;--awb-spacing-right-large:1.92%;--awb-margin-bottom-large:20px;--awb-spacing-left-large:1.92%;--awb-width-medium:100%;--awb-order-medium:0;--awb-spacing-right-medium:1.92%;--awb-spacing-left-medium:1.92%;--awb-width-small:100%;--awb-order-small:0;--awb-spacing-right-small:1.92%;--awb-spacing-left-small:1.92%;\" data-scroll-devices=\"small-visibility,medium-visibility,large-visibility\"><span class=\"fusion-column-inner-bg hover-type-zoomin\"><span class=\"fusion-column-anchor\"><span class=\"fusion-column-inner-bg-image\"><\/span><\/span><\/span><div class=\"fusion-column-wrapper fusion-column-has-shadow fusion-flex-justify-content-flex-start fusion-content-layout-column\"><div class=\"fusion-text fusion-text-2\" style=\"--awb-content-alignment:left;--awb-text-color:var(--awb-custom_color_1);--awb-margin-top:40px;--awb-margin-right:10%;--awb-margin-left:10%;--awb-text-font-family:&quot;Lato&quot;;--awb-text-font-style:normal;--awb-text-font-weight:400;\"><p>Texray se esfuerza constantemente por mejorar y desarrollar productos para lograr el mayor nivel posible de seguridad en t\u00e9rminos de protecci\u00f3n radiol\u00f3gica para el personal en el entorno quir\u00fargico. La alta seguridad requiere el producto adecuado para resolver el problema adecuado. Para aprovechar las propiedades del producto, es importante utilizarlo de acuerdo con las \u00abInstrucciones de uso\u00bb del producto.<\/p>\n<p>Por lo que sabemos, los productos que ofrecemos y describimos como equipos personales de protecci\u00f3n contra las radiaciones funcionan como pretendemos y reducir\u00e1n la exposici\u00f3n del personal a las radiaciones. No obstante, Texray AB\/Texray Inc. no ofrece ninguna garant\u00eda que signifique que nuestros productos puedan prevenir todo tipo de lesiones o enfermedades que puedan estar relacionadas con la exposici\u00f3n a la radiaci\u00f3n para todos y cada uno de los usuarios de los productos, ya que cada individuo es \u00fanico y es imposible prever todo tipo de impacto f\u00edsico o mental que pueda producirse.<\/p>\n<p>Es muy importante subrayar que los productos de protecci\u00f3n personal contra las radiaciones s\u00f3lo pueden apoyar, pero nunca sustituir, el sentido com\u00fan y el buen juicio del ser humano cuando se trata de la protecci\u00f3n personal contra las radiaciones.<br \/>\nNo es posible para Texray AB\/Texray Inc. advertir al usuario de ning\u00fan peligro concebible y desconocido en relaci\u00f3n con el uso de los productos.<\/p>\n<p>Para cualquier otra duda, p\u00f3ngase en contacto con nuestra <a href=\"https:\/\/texray.io\/pages\/contact-us\" rel=\"noopener noreferrer\" data-sanitized-target=\"_blank\">oficina de HQ &amp; RnD<\/a>.<\/p>\n<\/div><\/div><\/div><\/div><\/div><\/p>\n","protected":false},"excerpt":{"rendered":"","protected":false},"author":1,"featured_media":0,"parent":0,"menu_order":0,"comment_status":"closed","ping_status":"closed","template":"100-width.php","meta":{"_acf_changed":false,"content-type":"","inline_featured_image":false,"footnotes":""},"class_list":["post-9229","page","type-page","status-publish","hentry"],"acf":[],"_links":{"self":[{"href":"https:\/\/texray.io\/es\/wp-json\/wp\/v2\/pages\/9229","targetHints":{"allow":["GET"]}}],"collection":[{"href":"https:\/\/texray.io\/es\/wp-json\/wp\/v2\/pages"}],"about":[{"href":"https:\/\/texray.io\/es\/wp-json\/wp\/v2\/types\/page"}],"author":[{"embeddable":true,"href":"https:\/\/texray.io\/es\/wp-json\/wp\/v2\/users\/1"}],"replies":[{"embeddable":true,"href":"https:\/\/texray.io\/es\/wp-json\/wp\/v2\/comments?post=9229"}],"version-history":[{"count":14,"href":"https:\/\/texray.io\/es\/wp-json\/wp\/v2\/pages\/9229\/revisions"}],"predecessor-version":[{"id":12272,"href":"https:\/\/texray.io\/es\/wp-json\/wp\/v2\/pages\/9229\/revisions\/12272"}],"wp:attachment":[{"href":"https:\/\/texray.io\/es\/wp-json\/wp\/v2\/media?parent=9229"}],"curies":[{"name":"wp","href":"https:\/\/api.w.org\/{rel}","templated":true}]}}